{"id":320064,"date":"2025-01-15T10:43:02","date_gmt":"2025-01-15T10:43:02","guid":{"rendered":"https:\/\/3villas.online\/informations\/"},"modified":"2025-07-24T11:02:39","modified_gmt":"2025-07-24T11:02:39","slug":"informations","status":"publish","type":"page","link":"https:\/\/3villas.online\/fr\/informations\/","title":{"rendered":"Informations"},"content":{"rendered":"<p>[et_pb_section fb_built=\u00a0\u00bb1&Prime; _builder_version=\u00a0\u00bb4.27.4&Prime; _module_preset=\u00a0\u00bbdefault\u00a0\u00bb background_enable_color=\u00a0\u00bboff\u00a0\u00bb transform_scale_tablet=\u00a0\u00bb\u00a0\u00bb transform_scale_phone=\u00a0\u00bb\u00a0\u00bb transform_scale_last_edited=\u00a0\u00bbon|phone\u00a0\u00bb transform_translate_tablet=\u00a0\u00bb\u00a0\u00bb transform_translate_phone=\u00a0\u00bb\u00a0\u00bb transform_translate_last_edited=\u00a0\u00bbon|desktop\u00a0\u00bb transform_translate_linked=\u00a0\u00bboff\u00a0\u00bb transform_rotate_tablet=\u00a0\u00bb\u00a0\u00bb transform_rotate_phone=\u00a0\u00bb\u00a0\u00bb transform_rotate_last_edited=\u00a0\u00bbon|phone\u00a0\u00bb transform_skew_tablet=\u00a0\u00bb\u00a0\u00bb transform_skew_phone=\u00a0\u00bb\u00a0\u00bb transform_skew_last_edited=\u00a0\u00bbon|phone\u00a0\u00bb transform_origin_tablet=\u00a0\u00bb\u00a0\u00bb transform_origin_phone=\u00a0\u00bb\u00a0\u00bb transform_origin_last_edited=\u00a0\u00bbon|phone\u00a0\u00bb transform_styles_last_edited=\u00a0\u00bbon|desktop\u00a0\u00bb custom_margin=\u00a0\u00bb-16px||0px||false|false\u00a0\u00bb custom_margin_tablet=\u00a0\u00bb0px||||false|false\u00a0\u00bb custom_margin_phone=\u00a0\u00bb15px||||false|false\u00a0\u00bb custom_margin_last_edited=\u00a0\u00bbon|tablet\u00a0\u00bb custom_padding=\u00a0\u00bb0px||0px||false|false\u00a0\u00bb transform_styles_tablet=\u00a0\u00bb\u00a0\u00bb transform_styles_phone=\u00a0\u00bb\u00a0\u00bb global_colors_info=\u00a0\u00bb{}\u00a0\u00bb][et_pb_row column_structure=\u00a0\u00bb1_3,1_3,1_3&Prime; use_custom_gutter=\u00a0\u00bbon\u00a0\u00bb gutter_width=\u00a0\u00bb1&Prime; _builder_version=\u00a0\u00bb4.27.4&Prime; _module_preset=\u00a0\u00bbdefault\u00a0\u00bb custom_margin=\u00a0\u00bb0px||0px||false|false\u00a0\u00bb custom_padding=\u00a0\u00bb0px||0px||false|false\u00a0\u00bb global_colors_info=\u00a0\u00bb{}\u00a0\u00bb locked=\u00a0\u00bboff\u00a0\u00bb][et_pb_column type=\u00a0\u00bb1_3&Prime; _builder_version=\u00a0\u00bb4.27.4&Prime; _module_preset=\u00a0\u00bbdefault\u00a0\u00bb global_colors_info=\u00a0\u00bb{}\u00a0\u00bb][et_pb_button button_url=\u00a0\u00bb@ET-DC@eyJkeW5hbWljIjp0cnVlLCJjb250ZW50IjoicG9zdF9saW5rX3VybF9wYWdlIiwic2V0dGluZ3MiOnsicG9zdF9pZCI6IjE4MCJ9fQ==@\u00a0\u00bb button_text=\u00a0\u00bbMENORCA\u00a0\u00bb button_alignment=\u00a0\u00bbcenter\u00a0\u00bb _builder_version=\u00a0\u00bb4.27.4&Prime; _dynamic_attributes=\u00a0\u00bbbutton_url\u00a0\u00bb _module_preset=\u00a0\u00bbdefault\u00a0\u00bb custom_button=\u00a0\u00bbon\u00a0\u00bb button_text_size=\u00a0\u00bb29px\u00a0\u00bb button_text_color=\u00a0\u00bb#FFFFFF\u00a0\u00bb button_bg_color=\u00a0\u00bbgcid-d1ef259b-a7b5-4c8b-856f-3e479e9d79d4&Prime; button_border_width=\u00a0\u00bb0px\u00a0\u00bb button_border_radius=\u00a0\u00bb34px\u00a0\u00bb button_use_icon=\u00a0\u00bboff\u00a0\u00bb custom_margin=\u00a0\u00bb0px||5px||false|false\u00a0\u00bb custom_padding=\u00a0\u00bb10px|80px|10px|80px|false|false\u00a0\u00bb hover_transition_duration=\u00a0\u00bb0ms\u00a0\u00bb hover_enabled=\u00a0\u00bb0&Prime; locked=\u00a0\u00bboff\u00a0\u00bb global_colors_info=\u00a0\u00bb{%22gcid-d1ef259b-a7b5-4c8b-856f-3e479e9d79d4%22:%91%22button_bg_color%22%93}\u00a0\u00bb button_text_color__hover_enabled=\u00a0\u00bbon|hover\u00a0\u00bb button_text_color__hover=\u00a0\u00bb#9e9e9e\u00a0\u00bb button_bg_enable_color=\u00a0\u00bbon\u00a0\u00bb sticky_enabled=\u00a0\u00bb0&Prime;][\/et_pb_button][\/et_pb_column][et_pb_column type=\u00a0\u00bb1_3&Prime; _builder_version=\u00a0\u00bb4.27.4&Prime; _module_preset=\u00a0\u00bbdefault\u00a0\u00bb global_colors_info=\u00a0\u00bb{}\u00a0\u00bb][et_pb_button button_url=\u00a0\u00bb@ET-DC@eyJkeW5hbWljIjp0cnVlLCJjb250ZW50IjoicG9zdF9saW5rX3VybF9wYWdlIiwic2V0dGluZ3MiOnsicG9zdF9pZCI6IjE5MSJ9fQ==@\u00a0\u00bb button_text=\u00a0\u00bbZONES\u00a0\u00bb button_alignment=\u00a0\u00bbcenter\u00a0\u00bb _builder_version=\u00a0\u00bb4.27.4&Prime; _dynamic_attributes=\u00a0\u00bbbutton_url\u00a0\u00bb _module_preset=\u00a0\u00bbdefault\u00a0\u00bb custom_button=\u00a0\u00bbon\u00a0\u00bb button_text_size=\u00a0\u00bb29px\u00a0\u00bb button_text_color=\u00a0\u00bb#FFFFFF\u00a0\u00bb button_bg_color=\u00a0\u00bbgcid-86fc577a-fb0b-4f0a-9fcc-b45cbcf4f479&Prime; button_border_width=\u00a0\u00bb0px\u00a0\u00bb button_border_radius=\u00a0\u00bb34px\u00a0\u00bb button_use_icon=\u00a0\u00bboff\u00a0\u00bb custom_margin=\u00a0\u00bb0px||5px||false|false\u00a0\u00bb custom_padding=\u00a0\u00bb10px|100px|10px|100px|false|false\u00a0\u00bb hover_transition_duration=\u00a0\u00bb0ms\u00a0\u00bb hover_enabled=\u00a0\u00bb0&Prime; locked=\u00a0\u00bboff\u00a0\u00bb global_colors_info=\u00a0\u00bb{%22gcid-86fc577a-fb0b-4f0a-9fcc-b45cbcf4f479%22:%91%22button_bg_color%22%93}\u00a0\u00bb button_text_color__hover_enabled=\u00a0\u00bbon|hover\u00a0\u00bb button_text_color__hover=\u00a0\u00bb#9e9e9e\u00a0\u00bb button_bg_enable_color=\u00a0\u00bbon\u00a0\u00bb sticky_enabled=\u00a0\u00bb0&Prime;][\/et_pb_button][\/et_pb_column][et_pb_column type=\u00a0\u00bb1_3&Prime; _builder_version=\u00a0\u00bb4.27.4&Prime; _module_preset=\u00a0\u00bbdefault\u00a0\u00bb global_colors_info=\u00a0\u00bb{}\u00a0\u00bb][et_pb_button button_url=\u00a0\u00bb@ET-DC@eyJkeW5hbWljIjp0cnVlLCJjb250ZW50IjoicG9zdF9saW5rX3VybF9wYWdlIiwic2V0dGluZ3MiOnsicG9zdF9pZCI6IjUzMSJ9fQ==@\u00a0\u00bb button_text=\u00a0\u00bbPROPRI\u00c9T\u00c9S\u00a0\u00bb button_alignment=\u00a0\u00bbcenter\u00a0\u00bb _builder_version=\u00a0\u00bb4.27.4&Prime; _dynamic_attributes=\u00a0\u00bbbutton_url\u00a0\u00bb _module_preset=\u00a0\u00bbdefault\u00a0\u00bb custom_button=\u00a0\u00bbon\u00a0\u00bb button_text_size=\u00a0\u00bb29px\u00a0\u00bb button_text_color=\u00a0\u00bb#FFFFFF\u00a0\u00bb button_bg_color=\u00a0\u00bb#CD0014&Prime; button_border_width=\u00a0\u00bb2px\u00a0\u00bb button_border_radius=\u00a0\u00bb34px\u00a0\u00bb button_use_icon=\u00a0\u00bboff\u00a0\u00bb custom_margin=\u00a0\u00bb0px||5px||false|false\u00a0\u00bb custom_padding=\u00a0\u00bb10px|60px|10px|60px|false|false\u00a0\u00bb hover_transition_duration=\u00a0\u00bb0ms\u00a0\u00bb locked=\u00a0\u00bboff\u00a0\u00bb global_colors_info=\u00a0\u00bb{}\u00a0\u00bb button_text_color__hover_enabled=\u00a0\u00bbon|hover\u00a0\u00bb button_text_color__hover=\u00a0\u00bb#9e9e9e\u00a0\u00bb][\/et_pb_button][\/et_pb_column][\/et_pb_row][et_pb_row _builder_version=\u00a0\u00bb4.27.4&Prime; _module_preset=\u00a0\u00bbdefault\u00a0\u00bb width_tablet=\u00a0\u00bb\u00a0\u00bb width_phone=\u00a0\u00bb90%\u00a0\u00bb width_last_edited=\u00a0\u00bbon|phone\u00a0\u00bb custom_padding=\u00a0\u00bb||2px|||\u00a0\u00bb locked=\u00a0\u00bboff\u00a0\u00bb global_colors_info=\u00a0\u00bb{}\u00a0\u00bb][et_pb_column type=\u00a0\u00bb4_4&Prime; _builder_version=\u00a0\u00bb4.27.4&Prime; _module_preset=\u00a0\u00bbdefault\u00a0\u00bb global_colors_info=\u00a0\u00bb{}\u00a0\u00bb][et_pb_text _builder_version=\u00a0\u00bb4.27.4&Prime; _module_preset=\u00a0\u00bbdefault\u00a0\u00bb text_font_size_tablet=\u00a0\u00bb20px\u00a0\u00bb text_font_size_phone=\u00a0\u00bb20px\u00a0\u00bb text_font_size_last_edited=\u00a0\u00bbon|phone\u00a0\u00bb global_colors_info=\u00a0\u00bb{}\u00a0\u00bb]<\/p>\n<h2 style=\"text-align: center;\"><strong>Informations sur Minorque : d\u00e9couvrez l&rsquo;\u00eele et ses meilleurs endroits<\/strong><\/h2>\n<p style=\"text-align: center;\">Minorque est une destination unique en M\u00e9diterran\u00e9e, r\u00e9put\u00e9e pour sa beaut\u00e9 naturelle, ses plages immacul\u00e9es et sa riche histoire. D\u00e9clar\u00e9e <strong>r\u00e9serve de la biosph\u00e8re <a href=\"https:\/\/www.unesco.org\/es\">par l&rsquo;UNESCO<\/a><\/strong>, l&rsquo;\u00eele offre un \u00e9quilibre parfait entre paysages pr\u00e9serv\u00e9s, culture et tradition. Des criques cach\u00e9es aux villages charmants, Minorque est l&rsquo;endroit id\u00e9al pour des vacances relaxantes et authentiques.  <\/p>\n<p style=\"text-align: center;\">Dans cette section, vous trouverez toutes les <strong>informations sur Minorque<\/strong> dont vous avez besoin pour pr\u00e9parer votre voyage. D\u00e9couvrez les diff\u00e9rentes zones de l&rsquo;\u00eele, de l&rsquo;historique <a href=\"https:\/\/3villas.online\/fr\/zones-minorque-information-ciutadella\/\"><strong>Citadelle<\/strong><\/a> au port anim\u00e9 de <a href=\"https:\/\/3villas.online\/fr\/zones-menorca-information-mao-mahon\/\"><strong>Mahon<\/strong><\/a>et d\u00e9couvrez notre s\u00e9lection de <a href=\"https:\/\/3villas.online\/fr\/menorca-property-information\/\"><strong>propri\u00e9t\u00e9s exclusives<\/strong><\/a> dans des endroits de premier choix. Que vous recherchiez l&rsquo;aventure, la tranquillit\u00e9 ou un h\u00e9bergement parfait en bord de mer, vous trouverez ici tout ce dont vous avez besoin pour profiter pleinement de Minorque.  <\/p>\n<ul><\/ul>\n<h1><\/h1>\n<p>[\/et_pb_text][\/et_pb_column][\/et_pb_row][\/et_pb_section]<\/p>\n","protected":false},"excerpt":{"rendered":"<p>Informations sur Minorque : d\u00e9couvrez l&rsquo;\u00eele et ses meilleurs endroits Minorque est une destination unique en M\u00e9diterran\u00e9e, r\u00e9put\u00e9e pour sa beaut\u00e9 naturelle, ses plages immacul\u00e9es et sa riche histoire. D\u00e9clar\u00e9e r\u00e9serve de la biosph\u00e8re par l&rsquo;UNESCO, l&rsquo;\u00eele offre un \u00e9quilibre parfait entre paysages pr\u00e9serv\u00e9s, culture et tradition. Des criques cach\u00e9es aux villages charmants, Minorque est [&hellip;]<\/p>\n","protected":false},"author":2,"featured_media":0,"parent":0,"menu_order":110,"comment_status":"closed","ping_status":"closed","template":"","meta":{"_et_pb_use_builder":"on","_et_pb_old_content":"","_et_gb_content_width":"","om_disable_all_campaigns":false,"_monsterinsights_skip_tracking":false,"_monsterinsights_sitenote_active":false,"_monsterinsights_sitenote_note":"","_monsterinsights_sitenote_category":0,"_uf_show_specific_survey":0,"_uf_disable_surveys":false,"footnotes":""},"class_list":["post-320064","page","type-page","status-publish","hentry"],"yoast_head":"<!-- This site is optimized with the Yoast SEO plugin v27.1.1 - https:\/\/yoast.com\/product\/yoast-seo-wordpress\/ -->\n<title>Informations - 3 Villas Online<\/title>\n<meta name=\"description\" content=\"D\u00e9couvrez tout sur Minorque, ses principales zones et nos propri\u00e9t\u00e9s exclusives. Trouvez le meilleur guide pour organiser votre s\u00e9jour.\" \/>\n<meta name=\"robots\" content=\"index, follow, max-snippet:-1, max-image-preview:large, max-video-preview:-1\" \/>\n<link rel=\"canonical\" href=\"https:\/\/3villas.online\/fr\/informations\/\" \/>\n<meta property=\"og:locale\" content=\"fr_FR\" \/>\n<meta property=\"og:type\" content=\"article\" \/>\n<meta property=\"og:title\" content=\"Informations - 3 Villas Online\" \/>\n<meta property=\"og:description\" content=\"D\u00e9couvrez tout sur Minorque, ses principales zones et nos propri\u00e9t\u00e9s exclusives. Trouvez le meilleur guide pour organiser votre s\u00e9jour.\" \/>\n<meta property=\"og:url\" content=\"https:\/\/3villas.online\/fr\/informations\/\" \/>\n<meta property=\"og:site_name\" content=\"3 Villas Online\" \/>\n<meta property=\"article:publisher\" content=\"https:\/\/www.facebook.com\/3villasmenorca\/?locale=es_ES\" \/>\n<meta property=\"article:modified_time\" content=\"2025-07-24T11:02:39+00:00\" \/>\n<meta property=\"og:image\" content=\"https:\/\/3villas.online\/wp-content\/uploads\/2025\/02\/Fondo-generico-entrada.jpg\" \/>\n\t<meta property=\"og:image:width\" content=\"2000\" \/>\n\t<meta property=\"og:image:height\" content=\"675\" \/>\n\t<meta property=\"og:image:type\" content=\"image\/jpeg\" \/>\n<meta name=\"twitter:card\" content=\"summary_large_image\" \/>\n<meta name=\"twitter:label1\" content=\"Dur\u00e9e de lecture estim\u00e9e\" \/>\n\t<meta name=\"twitter:data1\" content=\"4 minutes\" \/>\n<script type=\"application\/ld+json\" class=\"yoast-schema-graph\">{\"@context\":\"https:\/\/schema.org\",\"@graph\":[{\"@type\":\"WebPage\",\"@id\":\"https:\/\/3villas.online\/fr\/informations\/\",\"url\":\"https:\/\/3villas.online\/fr\/informations\/\",\"name\":\"Informations - 3 Villas Online\",\"isPartOf\":{\"@id\":\"https:\/\/3villas.online\/fr\/#website\"},\"datePublished\":\"2025-01-15T10:43:02+00:00\",\"dateModified\":\"2025-07-24T11:02:39+00:00\",\"description\":\"D\u00e9couvrez tout sur Minorque, ses principales zones et nos propri\u00e9t\u00e9s exclusives. Trouvez le meilleur guide pour organiser votre s\u00e9jour.\",\"breadcrumb\":{\"@id\":\"https:\/\/3villas.online\/fr\/informations\/#breadcrumb\"},\"inLanguage\":\"fr-FR\",\"potentialAction\":[{\"@type\":\"ReadAction\",\"target\":[\"https:\/\/3villas.online\/fr\/informations\/\"]}]},{\"@type\":\"BreadcrumbList\",\"@id\":\"https:\/\/3villas.online\/fr\/informations\/#breadcrumb\",\"itemListElement\":[{\"@type\":\"ListItem\",\"position\":1,\"name\":\"Portada\",\"item\":\"https:\/\/3villas.online\/fr\/\"},{\"@type\":\"ListItem\",\"position\":2,\"name\":\"Informations\"}]},{\"@type\":\"WebSite\",\"@id\":\"https:\/\/3villas.online\/fr\/#website\",\"url\":\"https:\/\/3villas.online\/fr\/\",\"name\":\"3 Villas Online\",\"description\":\"Experiencias \u00fanicas y memorables en Menorca\",\"publisher\":{\"@id\":\"https:\/\/3villas.online\/fr\/#organization\"},\"potentialAction\":[{\"@type\":\"SearchAction\",\"target\":{\"@type\":\"EntryPoint\",\"urlTemplate\":\"https:\/\/3villas.online\/fr\/?s={search_term_string}\"},\"query-input\":{\"@type\":\"PropertyValueSpecification\",\"valueRequired\":true,\"valueName\":\"search_term_string\"}}],\"inLanguage\":\"fr-FR\"},{\"@type\":\"Organization\",\"@id\":\"https:\/\/3villas.online\/fr\/#organization\",\"name\":\"3 Villas Alquiler Vacacional Inmobiliaria\",\"url\":\"https:\/\/3villas.online\/fr\/\",\"logo\":{\"@type\":\"ImageObject\",\"inLanguage\":\"fr-FR\",\"@id\":\"https:\/\/3villas.online\/fr\/#\/schema\/logo\/image\/\",\"url\":\"https:\/\/3villas.online\/wp-content\/uploads\/2025\/01\/cropped-3villas-simbolo-rojo-sin-fondo.png\",\"contentUrl\":\"https:\/\/3villas.online\/wp-content\/uploads\/2025\/01\/cropped-3villas-simbolo-rojo-sin-fondo.png\",\"width\":512,\"height\":512,\"caption\":\"3 Villas Alquiler Vacacional Inmobiliaria\"},\"image\":{\"@id\":\"https:\/\/3villas.online\/fr\/#\/schema\/logo\/image\/\"},\"sameAs\":[\"https:\/\/www.facebook.com\/3villasmenorca\/?locale=es_ES\",\"https:\/\/www.instagram.com\/3villasmenorca\/\",\"https:\/\/www.youtube.com\/@3villas\"]}]}<\/script>\n<!-- \/ Yoast SEO plugin. -->","yoast_head_json":{"title":"Informations - 3 Villas Online","description":"D\u00e9couvrez tout sur Minorque, ses principales zones et nos propri\u00e9t\u00e9s exclusives. Trouvez le meilleur guide pour organiser votre s\u00e9jour.","robots":{"index":"index","follow":"follow","max-snippet":"max-snippet:-1","max-image-preview":"max-image-preview:large","max-video-preview":"max-video-preview:-1"},"canonical":"https:\/\/3villas.online\/fr\/informations\/","og_locale":"fr_FR","og_type":"article","og_title":"Informations - 3 Villas Online","og_description":"D\u00e9couvrez tout sur Minorque, ses principales zones et nos propri\u00e9t\u00e9s exclusives. Trouvez le meilleur guide pour organiser votre s\u00e9jour.","og_url":"https:\/\/3villas.online\/fr\/informations\/","og_site_name":"3 Villas Online","article_publisher":"https:\/\/www.facebook.com\/3villasmenorca\/?locale=es_ES","article_modified_time":"2025-07-24T11:02:39+00:00","og_image":[{"width":2000,"height":675,"url":"https:\/\/3villas.online\/wp-content\/uploads\/2025\/02\/Fondo-generico-entrada.jpg","type":"image\/jpeg"}],"twitter_card":"summary_large_image","twitter_misc":{"Dur\u00e9e de lecture estim\u00e9e":"4 minutes"},"schema":{"@context":"https:\/\/schema.org","@graph":[{"@type":"WebPage","@id":"https:\/\/3villas.online\/fr\/informations\/","url":"https:\/\/3villas.online\/fr\/informations\/","name":"Informations - 3 Villas Online","isPartOf":{"@id":"https:\/\/3villas.online\/fr\/#website"},"datePublished":"2025-01-15T10:43:02+00:00","dateModified":"2025-07-24T11:02:39+00:00","description":"D\u00e9couvrez tout sur Minorque, ses principales zones et nos propri\u00e9t\u00e9s exclusives. Trouvez le meilleur guide pour organiser votre s\u00e9jour.","breadcrumb":{"@id":"https:\/\/3villas.online\/fr\/informations\/#breadcrumb"},"inLanguage":"fr-FR","potentialAction":[{"@type":"ReadAction","target":["https:\/\/3villas.online\/fr\/informations\/"]}]},{"@type":"BreadcrumbList","@id":"https:\/\/3villas.online\/fr\/informations\/#breadcrumb","itemListElement":[{"@type":"ListItem","position":1,"name":"Portada","item":"https:\/\/3villas.online\/fr\/"},{"@type":"ListItem","position":2,"name":"Informations"}]},{"@type":"WebSite","@id":"https:\/\/3villas.online\/fr\/#website","url":"https:\/\/3villas.online\/fr\/","name":"3 Villas Online","description":"Experiencias \u00fanicas y memorables en Menorca","publisher":{"@id":"https:\/\/3villas.online\/fr\/#organization"},"potentialAction":[{"@type":"SearchAction","target":{"@type":"EntryPoint","urlTemplate":"https:\/\/3villas.online\/fr\/?s={search_term_string}"},"query-input":{"@type":"PropertyValueSpecification","valueRequired":true,"valueName":"search_term_string"}}],"inLanguage":"fr-FR"},{"@type":"Organization","@id":"https:\/\/3villas.online\/fr\/#organization","name":"3 Villas Alquiler Vacacional Inmobiliaria","url":"https:\/\/3villas.online\/fr\/","logo":{"@type":"ImageObject","inLanguage":"fr-FR","@id":"https:\/\/3villas.online\/fr\/#\/schema\/logo\/image\/","url":"https:\/\/3villas.online\/wp-content\/uploads\/2025\/01\/cropped-3villas-simbolo-rojo-sin-fondo.png","contentUrl":"https:\/\/3villas.online\/wp-content\/uploads\/2025\/01\/cropped-3villas-simbolo-rojo-sin-fondo.png","width":512,"height":512,"caption":"3 Villas Alquiler Vacacional Inmobiliaria"},"image":{"@id":"https:\/\/3villas.online\/fr\/#\/schema\/logo\/image\/"},"sameAs":["https:\/\/www.facebook.com\/3villasmenorca\/?locale=es_ES","https:\/\/www.instagram.com\/3villasmenorca\/","https:\/\/www.youtube.com\/@3villas"]}]}},"_links":{"self":[{"href":"https:\/\/3villas.online\/fr\/wp-json\/wp\/v2\/pages\/320064","targetHints":{"allow":["GET"]}}],"collection":[{"href":"https:\/\/3villas.online\/fr\/wp-json\/wp\/v2\/pages"}],"about":[{"href":"https:\/\/3villas.online\/fr\/wp-json\/wp\/v2\/types\/page"}],"author":[{"embeddable":true,"href":"https:\/\/3villas.online\/fr\/wp-json\/wp\/v2\/users\/2"}],"replies":[{"embeddable":true,"href":"https:\/\/3villas.online\/fr\/wp-json\/wp\/v2\/comments?post=320064"}],"version-history":[{"count":1,"href":"https:\/\/3villas.online\/fr\/wp-json\/wp\/v2\/pages\/320064\/revisions"}],"predecessor-version":[{"id":320067,"href":"https:\/\/3villas.online\/fr\/wp-json\/wp\/v2\/pages\/320064\/revisions\/320067"}],"wp:attachment":[{"href":"https:\/\/3villas.online\/fr\/wp-json\/wp\/v2\/media?parent=320064"}],"curies":[{"name":"wp","href":"https:\/\/api.w.org\/{rel}","templated":true}]}}