{"id":320055,"date":"2025-01-15T11:51:12","date_gmt":"2025-01-15T11:51:12","guid":{"rendered":"https:\/\/3villas.online\/informations-sur-minorque-2\/"},"modified":"2025-10-16T08:17:14","modified_gmt":"2025-10-16T08:17:14","slug":"informations-sur-minorque-2","status":"publish","type":"page","link":"https:\/\/3villas.online\/fr\/informations-sur-minorque-2\/","title":{"rendered":"Informations sur Minorque"},"content":{"rendered":"<p>[et_pb_section fb_built=\u00a0\u00bb1&Prime; _builder_version=\u00a0\u00bb4.27.4&Prime; _module_preset=\u00a0\u00bbdefault\u00a0\u00bb transform_scale_tablet=\u00a0\u00bb\u00a0\u00bb transform_scale_phone=\u00a0\u00bb\u00a0\u00bb transform_scale_last_edited=\u00a0\u00bbon|tablet\u00a0\u00bb transform_translate_tablet=\u00a0\u00bb0px|0px\u00a0\u00bb transform_translate_phone=\u00a0\u00bb0px|0px\u00a0\u00bb transform_translate_last_edited=\u00a0\u00bbon|phone\u00a0\u00bb transform_translate_linked=\u00a0\u00bboff\u00a0\u00bb transform_rotate_tablet=\u00a0\u00bb\u00a0\u00bb transform_rotate_phone=\u00a0\u00bb\u00a0\u00bb transform_rotate_last_edited=\u00a0\u00bbon|tablet\u00a0\u00bb transform_skew_tablet=\u00a0\u00bb\u00a0\u00bb transform_skew_phone=\u00a0\u00bb\u00a0\u00bb transform_skew_last_edited=\u00a0\u00bbon|tablet\u00a0\u00bb transform_origin_tablet=\u00a0\u00bb\u00a0\u00bb transform_origin_phone=\u00a0\u00bb\u00a0\u00bb transform_origin_last_edited=\u00a0\u00bbon|tablet\u00a0\u00bb transform_styles_last_edited=\u00a0\u00bbon|phone\u00a0\u00bb min_height=\u00a0\u00bb470px\u00a0\u00bb min_height_tablet=\u00a0\u00bb470px\u00a0\u00bb min_height_phone=\u00a0\u00bb580px\u00a0\u00bb min_height_last_edited=\u00a0\u00bbon|phone\u00a0\u00bb custom_margin=\u00a0\u00bb0px||0px||false|false\u00a0\u00bb custom_margin_tablet=\u00a0\u00bb0px||0px||false|false\u00a0\u00bb custom_margin_phone=\u00a0\u00bb0px||||false|false\u00a0\u00bb custom_margin_last_edited=\u00a0\u00bbon|phone\u00a0\u00bb custom_padding=\u00a0\u00bb0px||0px||false|false\u00a0\u00bb transform_styles_tablet=\u00a0\u00bb\u00a0\u00bb transform_styles_phone=\u00a0\u00bb\u00a0\u00bb global_colors_info=\u00a0\u00bb{}\u00a0\u00bb][et_pb_row column_structure=\u00a0\u00bb1_3,1_3,1_3&Prime; use_custom_gutter=\u00a0\u00bbon\u00a0\u00bb gutter_width=\u00a0\u00bb1&Prime; _builder_version=\u00a0\u00bb4.27.4&Prime; _module_preset=\u00a0\u00bbdefault\u00a0\u00bb custom_margin=\u00a0\u00bb0px||0px||false|false\u00a0\u00bb custom_padding=\u00a0\u00bb0px||0px||false|false\u00a0\u00bb global_colors_info=\u00a0\u00bb{}\u00a0\u00bb][et_pb_column type=\u00a0\u00bb1_3&Prime; _builder_version=\u00a0\u00bb4.27.4&Prime; _module_preset=\u00a0\u00bbdefault\u00a0\u00bb global_colors_info=\u00a0\u00bb{}\u00a0\u00bb][et_pb_button button_url=\u00a0\u00bb@ET-DC@eyJkeW5hbWljIjp0cnVlLCJjb250ZW50IjoicG9zdF9saW5rX3VybF9wYWdlIiwic2V0dGluZ3MiOnsicG9zdF9pZCI6IjE4MCIsImVuYWJsZV9odG1sIjoib2ZmIn19@\u00a0\u00bb button_text=\u00a0\u00bbMENORCA\u00a0\u00bb button_alignment=\u00a0\u00bbcenter\u00a0\u00bb _builder_version=\u00a0\u00bb4.27.4&Prime; _dynamic_attributes=\u00a0\u00bbbutton_url\u00a0\u00bb _module_preset=\u00a0\u00bbdefault\u00a0\u00bb custom_button=\u00a0\u00bbon\u00a0\u00bb button_text_size=\u00a0\u00bb29px\u00a0\u00bb button_text_color=\u00a0\u00bb#FFFFFF\u00a0\u00bb button_bg_color=\u00a0\u00bbgcid-d1ef259b-a7b5-4c8b-856f-3e479e9d79d4&Prime; button_border_width=\u00a0\u00bb2px\u00a0\u00bb button_border_radius=\u00a0\u00bb34px\u00a0\u00bb button_use_icon=\u00a0\u00bboff\u00a0\u00bb custom_margin=\u00a0\u00bb0px||5px||false|false\u00a0\u00bb custom_padding=\u00a0\u00bb10px|80px|10px|80px|false|false\u00a0\u00bb hover_transition_duration=\u00a0\u00bb0ms\u00a0\u00bb locked=\u00a0\u00bboff\u00a0\u00bb global_colors_info=\u00a0\u00bb{%22gcid-d1ef259b-a7b5-4c8b-856f-3e479e9d79d4%22:%91%22button_bg_color%22%93}\u00a0\u00bb button_text_color__hover_enabled=\u00a0\u00bbon|hover\u00a0\u00bb button_text_color__hover=\u00a0\u00bb#9e9e9e\u00a0\u00bb][\/et_pb_button][\/et_pb_column][et_pb_column type=\u00a0\u00bb1_3&Prime; _builder_version=\u00a0\u00bb4.27.4&Prime; _module_preset=\u00a0\u00bbdefault\u00a0\u00bb global_colors_info=\u00a0\u00bb{}\u00a0\u00bb][et_pb_button button_url=\u00a0\u00bb@ET-DC@eyJkeW5hbWljIjp0cnVlLCJjb250ZW50IjoicG9zdF9saW5rX3VybF9wYWdlIiwic2V0dGluZ3MiOnsicG9zdF9pZCI6IjE5MSIsImVuYWJsZV9odG1sIjoib2ZmIn19@\u00a0\u00bb button_text=\u00a0\u00bbZONES\u00a0\u00bb button_alignment=\u00a0\u00bbcenter\u00a0\u00bb _builder_version=\u00a0\u00bb4.27.4&Prime; _dynamic_attributes=\u00a0\u00bbbutton_url\u00a0\u00bb _module_preset=\u00a0\u00bbdefault\u00a0\u00bb custom_button=\u00a0\u00bbon\u00a0\u00bb button_text_size=\u00a0\u00bb29px\u00a0\u00bb button_text_color=\u00a0\u00bb#FFFFFF\u00a0\u00bb button_bg_color=\u00a0\u00bbgcid-a714e1b8-98b9-4d8a-ae8b-722089bfd5e0&Prime; button_border_width=\u00a0\u00bb2px\u00a0\u00bb button_border_radius=\u00a0\u00bb34px\u00a0\u00bb button_use_icon=\u00a0\u00bboff\u00a0\u00bb custom_margin=\u00a0\u00bb0px||5px||false|false\u00a0\u00bb custom_padding=\u00a0\u00bb10px|100px|10px|100px|false|false\u00a0\u00bb hover_transition_duration=\u00a0\u00bb0ms\u00a0\u00bb box_shadow_style=\u00a0\u00bbpreset3&Prime; box_shadow_vertical=\u00a0\u00bb10px\u00a0\u00bb box_shadow_blur=\u00a0\u00bb6px\u00a0\u00bb locked=\u00a0\u00bboff\u00a0\u00bb global_colors_info=\u00a0\u00bb{%22gcid-a714e1b8-98b9-4d8a-ae8b-722089bfd5e0%22:%91%22button_bg_color%22%93}\u00a0\u00bb button_text_color__hover_enabled=\u00a0\u00bbon|hover\u00a0\u00bb button_text_color__hover=\u00a0\u00bb#9e9e9e\u00a0\u00bb][\/et_pb_button][\/et_pb_column][et_pb_column type=\u00a0\u00bb1_3&Prime; _builder_version=\u00a0\u00bb4.27.4&Prime; _module_preset=\u00a0\u00bbdefault\u00a0\u00bb global_colors_info=\u00a0\u00bb{}\u00a0\u00bb][et_pb_button button_url=\u00a0\u00bb@ET-DC@eyJkeW5hbWljIjp0cnVlLCJjb250ZW50IjoicG9zdF9saW5rX3VybF9wYWdlIiwic2V0dGluZ3MiOnsicG9zdF9pZCI6IjUzMSIsImVuYWJsZV9odG1sIjoib2ZmIn19@\u00a0\u00bb button_text=\u00a0\u00bbPROPRI\u00c9T\u00c9S\u00a0\u00bb button_alignment=\u00a0\u00bbcenter\u00a0\u00bb _builder_version=\u00a0\u00bb4.27.4&Prime; _dynamic_attributes=\u00a0\u00bbbutton_url\u00a0\u00bb _module_preset=\u00a0\u00bbdefault\u00a0\u00bb custom_button=\u00a0\u00bbon\u00a0\u00bb button_text_size=\u00a0\u00bb29px\u00a0\u00bb button_text_color=\u00a0\u00bb#FFFFFF\u00a0\u00bb button_bg_color=\u00a0\u00bbgcid-a714e1b8-98b9-4d8a-ae8b-722089bfd5e0&Prime; button_border_width=\u00a0\u00bb2px\u00a0\u00bb button_border_radius=\u00a0\u00bb34px\u00a0\u00bb button_use_icon=\u00a0\u00bboff\u00a0\u00bb custom_margin=\u00a0\u00bb0px||5px||false|false\u00a0\u00bb custom_padding=\u00a0\u00bb10px|60px|10px|60px|false|false\u00a0\u00bb hover_transition_duration=\u00a0\u00bb0ms\u00a0\u00bb box_shadow_style=\u00a0\u00bbpreset3&Prime; box_shadow_vertical=\u00a0\u00bb10px\u00a0\u00bb box_shadow_blur=\u00a0\u00bb6px\u00a0\u00bb locked=\u00a0\u00bboff\u00a0\u00bb global_colors_info=\u00a0\u00bb{%22gcid-a714e1b8-98b9-4d8a-ae8b-722089bfd5e0%22:%91%22button_bg_color%22%93}\u00a0\u00bb button_text_color__hover_enabled=\u00a0\u00bbon|hover\u00a0\u00bb button_text_color__hover=\u00a0\u00bb#9e9e9e\u00a0\u00bb][\/et_pb_button][\/et_pb_column][\/et_pb_row][et_pb_row _builder_version=\u00a0\u00bb4.27.4&Prime; _module_preset=\u00a0\u00bbdefault\u00a0\u00bb width_tablet=\u00a0\u00bb\u00a0\u00bb width_phone=\u00a0\u00bb90%\u00a0\u00bb width_last_edited=\u00a0\u00bbon|phone\u00a0\u00bb global_colors_info=\u00a0\u00bb{}\u00a0\u00bb][et_pb_column type=\u00a0\u00bb4_4&Prime; _builder_version=\u00a0\u00bb4.27.4&Prime; _module_preset=\u00a0\u00bbdefault\u00a0\u00bb global_colors_info=\u00a0\u00bb{}\u00a0\u00bb][et_pb_text _builder_version=\u00a0\u00bb4.27.4&Prime; _module_preset=\u00a0\u00bbdefault\u00a0\u00bb text_orientation=\u00a0\u00bbcenter\u00a0\u00bb width=\u00a0\u00bb98%\u00a0\u00bb global_colors_info=\u00a0\u00bb{}\u00a0\u00bb]<\/p>\n<p><span style=\"color: #001d91;\"><a href=\"https:\/\/3villas.online\/fr\/informations-sur-minorque-histoire\/\" style=\"color: #001d91;\">HISTOIRE <\/a> <span style=\"color: #bcbcbc;\">| <\/span><a href=\"https:\/\/3villas.online\/fr\/menorca-information-lieux-dinteret\/\" style=\"color: #001d91;\">LIEUX D&rsquo;INT\u00c9R\u00caT<\/a>  <span style=\"color: #bcbcbc;\">| <\/span><a href=\"https:\/\/3villas.online\/fr\/informations-sur-minorque-activites\/\" style=\"color: #001d91;\">ACTIVIT\u00c9S <\/a><span style=\"color: #bcbcbc;\">| <\/span><a href=\"https:\/\/3villas.online\/fr\/informations-sur-minorque-plages-et-criques\/\" style=\"color: #001d91;\">PLAGES ET CRIQUES <\/a><span style=\"color: #bcbcbc;\">| <\/span><a href=\"https:\/\/3villas.online\/fr\/informations-sur-les-transports-a-minorque\/\" style=\"color: #001d91;\">TRANSPORT <\/a> <span style=\"color: #bcbcbc;\">| <\/span> <a href=\"https:\/\/3villas.online\/fr\/services-dinformation-de-minorque\/\" style=\"color: #001d91;\">SERVICES <\/a><span style=\"color: #bcbcbc;\">| <\/span> <a href=\"https:\/\/3villas.online\/fr\/informations-sur-minorque\/\" style=\"color: #001d91;\">CONSEILS <\/a><span style=\"color: #bcbcbc;\">| <\/span> <\/span><a href=\"https:\/\/3villas.online\/fr\/menorca-information-festivals-et-evenements\/\"><br \/>\n  <span style=\"color: #001d91;\">F\u00caTES ET \u00c9V\u00c9NEMENTS <\/span><br \/>\n<\/a> <span style=\"color: #001d91;\"><span style=\"color: #bcbcbc;\">| <\/span> <a href=\"https:\/\/3villas.online\/fr\/menorca-information-nature\/\" style=\"color: #001d91;\">NATURE <\/a><span style=\"color: #bcbcbc;\">| <\/span> <a href=\"https:\/\/3villas.online\/fr\/liens-dinformation-sur-minorque\/\" style=\"color: #001d91;\">LIENS<\/a><\/span><\/p>\n<p>[\/et_pb_text][\/et_pb_column][\/et_pb_row][et_pb_row _builder_version=\u00a0\u00bb4.27.4&Prime; _module_preset=\u00a0\u00bbdefault\u00a0\u00bb width=\u00a0\u00bb90%\u00a0\u00bb custom_margin=\u00a0\u00bb0px||0px||false|false\u00a0\u00bb custom_padding=\u00a0\u00bb0px||0px||false|false\u00a0\u00bb hover_enabled=\u00a0\u00bb0&Prime; border_radii=\u00a0\u00bbon|15px|15px|15px|15px\u00a0\u00bb global_colors_info=\u00a0\u00bb{}\u00a0\u00bb min_height=\u00a0\u00bb618px\u00a0\u00bb sticky_enabled=\u00a0\u00bb0&Prime;][et_pb_column type=\u00a0\u00bb4_4&Prime; _builder_version=\u00a0\u00bb4.27.4&Prime; _module_preset=\u00a0\u00bbdefault\u00a0\u00bb global_colors_info=\u00a0\u00bb{}\u00a0\u00bb][et_pb_code _builder_version=\u00a0\u00bb4.27.4&Prime; _module_preset=\u00a0\u00bbdefault\u00a0\u00bb hover_enabled=\u00a0\u00bb0&Prime; global_colors_info=\u00a0\u00bb{}\u00a0\u00bb sticky_enabled=\u00a0\u00bb0&Prime;]<\/p>\n<div style=\"display:block!important;position:relative!important;max-width:177.88vh!important;margin:auto!important;padding:0!important;border:0!important\">\n<div style=\"display:block!important;position:relative!important;width:100%!important;height:0!important;box-sizing:content-box!important;margin:0!important;border:0!important;padding:0 0 56.218%!important;left:0!important;top:0!important;right:0!important;bottom:0!important\"><iframe src=\"https:\/\/embed.ventusky.com\/?p=39.941;4.070;10&amp;l=rain-3h\" style=\"display:block!important;position:absolute!important;left:0!important;top:0!important;width:100%!important;height:100%!important;margin:0!important;padding:0!important;border:0!important;right:auto!important;bottom:auto!important\" loading=\"lazy\"><\/iframe><\/div>\n<\/div>\n<p><!-- [et_pb_line_break_holder] -->[\/et_pb_code][\/et_pb_column][\/et_pb_row][\/et_pb_section]<\/p>\n","protected":false},"excerpt":{"rendered":"<p>HISTOIRE | LIEUX D&rsquo;INT\u00c9R\u00caT | ACTIVIT\u00c9S | PLAGES ET CRIQUES | TRANSPORT | SERVICES | CONSEILS | F\u00caTES ET \u00c9V\u00c9NEMENTS | NATURE | LIENS<\/p>\n","protected":false},"author":2,"featured_media":0,"parent":0,"menu_order":105,"comment_status":"closed","ping_status":"closed","template":"","meta":{"_et_pb_use_builder":"on","_et_pb_old_content":"","_et_gb_content_width":"","om_disable_all_campaigns":false,"_monsterinsights_skip_tracking":false,"_monsterinsights_sitenote_active":false,"_monsterinsights_sitenote_note":"","_monsterinsights_sitenote_category":0,"_uf_show_specific_survey":0,"_uf_disable_surveys":false,"footnotes":""},"class_list":["post-320055","page","type-page","status-publish","hentry"],"yoast_head":"<!-- This site is optimized with the Yoast SEO plugin v27.1.1 - https:\/\/yoast.com\/product\/yoast-seo-wordpress\/ -->\n<title>Informations sur Minorque - 3 Villas Online<\/title>\n<meta name=\"description\" content=\"Informations sur l&#039;\u00eele de Minorque.\" \/>\n<meta name=\"robots\" content=\"index, follow, max-snippet:-1, max-image-preview:large, max-video-preview:-1\" \/>\n<link rel=\"canonical\" href=\"https:\/\/3villas.online\/fr\/informations-sur-minorque-2\/\" \/>\n<meta property=\"og:locale\" content=\"fr_FR\" \/>\n<meta property=\"og:type\" content=\"article\" \/>\n<meta property=\"og:title\" content=\"Informations sur Minorque - 3 Villas Online\" \/>\n<meta property=\"og:description\" content=\"Informations sur l&#039;\u00eele de Minorque.\" \/>\n<meta property=\"og:url\" content=\"https:\/\/3villas.online\/fr\/informations-sur-minorque-2\/\" \/>\n<meta property=\"og:site_name\" content=\"3 Villas Online\" \/>\n<meta property=\"article:publisher\" content=\"https:\/\/www.facebook.com\/3villasmenorca\/?locale=es_ES\" \/>\n<meta property=\"article:modified_time\" content=\"2025-10-16T08:17:14+00:00\" \/>\n<meta property=\"og:image\" content=\"https:\/\/3villas.online\/wp-content\/uploads\/2025\/02\/Fondo-generico-entrada.jpg\" \/>\n\t<meta property=\"og:image:width\" content=\"2000\" \/>\n\t<meta property=\"og:image:height\" content=\"675\" \/>\n\t<meta property=\"og:image:type\" content=\"image\/jpeg\" \/>\n<meta name=\"twitter:card\" content=\"summary_large_image\" \/>\n<meta name=\"twitter:label1\" content=\"Dur\u00e9e de lecture estim\u00e9e\" \/>\n\t<meta name=\"twitter:data1\" content=\"4 minutes\" \/>\n<script type=\"application\/ld+json\" class=\"yoast-schema-graph\">{\"@context\":\"https:\/\/schema.org\",\"@graph\":[{\"@type\":\"WebPage\",\"@id\":\"https:\/\/3villas.online\/fr\/informations-sur-minorque-2\/\",\"url\":\"https:\/\/3villas.online\/fr\/informations-sur-minorque-2\/\",\"name\":\"Informations sur Minorque - 3 Villas Online\",\"isPartOf\":{\"@id\":\"https:\/\/3villas.online\/fr\/#website\"},\"datePublished\":\"2025-01-15T11:51:12+00:00\",\"dateModified\":\"2025-10-16T08:17:14+00:00\",\"description\":\"Informations sur l'\u00eele de Minorque.\",\"breadcrumb\":{\"@id\":\"https:\/\/3villas.online\/fr\/informations-sur-minorque-2\/#breadcrumb\"},\"inLanguage\":\"fr-FR\",\"potentialAction\":[{\"@type\":\"ReadAction\",\"target\":[\"https:\/\/3villas.online\/fr\/informations-sur-minorque-2\/\"]}]},{\"@type\":\"BreadcrumbList\",\"@id\":\"https:\/\/3villas.online\/fr\/informations-sur-minorque-2\/#breadcrumb\",\"itemListElement\":[{\"@type\":\"ListItem\",\"position\":1,\"name\":\"Portada\",\"item\":\"https:\/\/3villas.online\/fr\/\"},{\"@type\":\"ListItem\",\"position\":2,\"name\":\"Informations sur Minorque\"}]},{\"@type\":\"WebSite\",\"@id\":\"https:\/\/3villas.online\/fr\/#website\",\"url\":\"https:\/\/3villas.online\/fr\/\",\"name\":\"3 Villas Online\",\"description\":\"Experiencias \u00fanicas y memorables en Menorca\",\"publisher\":{\"@id\":\"https:\/\/3villas.online\/fr\/#organization\"},\"potentialAction\":[{\"@type\":\"SearchAction\",\"target\":{\"@type\":\"EntryPoint\",\"urlTemplate\":\"https:\/\/3villas.online\/fr\/?s={search_term_string}\"},\"query-input\":{\"@type\":\"PropertyValueSpecification\",\"valueRequired\":true,\"valueName\":\"search_term_string\"}}],\"inLanguage\":\"fr-FR\"},{\"@type\":\"Organization\",\"@id\":\"https:\/\/3villas.online\/fr\/#organization\",\"name\":\"3 Villas Alquiler Vacacional Inmobiliaria\",\"url\":\"https:\/\/3villas.online\/fr\/\",\"logo\":{\"@type\":\"ImageObject\",\"inLanguage\":\"fr-FR\",\"@id\":\"https:\/\/3villas.online\/fr\/#\/schema\/logo\/image\/\",\"url\":\"https:\/\/3villas.online\/wp-content\/uploads\/2025\/01\/cropped-3villas-simbolo-rojo-sin-fondo.png\",\"contentUrl\":\"https:\/\/3villas.online\/wp-content\/uploads\/2025\/01\/cropped-3villas-simbolo-rojo-sin-fondo.png\",\"width\":512,\"height\":512,\"caption\":\"3 Villas Alquiler Vacacional Inmobiliaria\"},\"image\":{\"@id\":\"https:\/\/3villas.online\/fr\/#\/schema\/logo\/image\/\"},\"sameAs\":[\"https:\/\/www.facebook.com\/3villasmenorca\/?locale=es_ES\",\"https:\/\/www.instagram.com\/3villasmenorca\/\",\"https:\/\/www.youtube.com\/@3villas\"]}]}<\/script>\n<!-- \/ Yoast SEO plugin. -->","yoast_head_json":{"title":"Informations sur Minorque - 3 Villas Online","description":"Informations sur l'\u00eele de Minorque.","robots":{"index":"index","follow":"follow","max-snippet":"max-snippet:-1","max-image-preview":"max-image-preview:large","max-video-preview":"max-video-preview:-1"},"canonical":"https:\/\/3villas.online\/fr\/informations-sur-minorque-2\/","og_locale":"fr_FR","og_type":"article","og_title":"Informations sur Minorque - 3 Villas Online","og_description":"Informations sur l'\u00eele de Minorque.","og_url":"https:\/\/3villas.online\/fr\/informations-sur-minorque-2\/","og_site_name":"3 Villas Online","article_publisher":"https:\/\/www.facebook.com\/3villasmenorca\/?locale=es_ES","article_modified_time":"2025-10-16T08:17:14+00:00","og_image":[{"width":2000,"height":675,"url":"https:\/\/3villas.online\/wp-content\/uploads\/2025\/02\/Fondo-generico-entrada.jpg","type":"image\/jpeg"}],"twitter_card":"summary_large_image","twitter_misc":{"Dur\u00e9e de lecture estim\u00e9e":"4 minutes"},"schema":{"@context":"https:\/\/schema.org","@graph":[{"@type":"WebPage","@id":"https:\/\/3villas.online\/fr\/informations-sur-minorque-2\/","url":"https:\/\/3villas.online\/fr\/informations-sur-minorque-2\/","name":"Informations sur Minorque - 3 Villas Online","isPartOf":{"@id":"https:\/\/3villas.online\/fr\/#website"},"datePublished":"2025-01-15T11:51:12+00:00","dateModified":"2025-10-16T08:17:14+00:00","description":"Informations sur l'\u00eele de Minorque.","breadcrumb":{"@id":"https:\/\/3villas.online\/fr\/informations-sur-minorque-2\/#breadcrumb"},"inLanguage":"fr-FR","potentialAction":[{"@type":"ReadAction","target":["https:\/\/3villas.online\/fr\/informations-sur-minorque-2\/"]}]},{"@type":"BreadcrumbList","@id":"https:\/\/3villas.online\/fr\/informations-sur-minorque-2\/#breadcrumb","itemListElement":[{"@type":"ListItem","position":1,"name":"Portada","item":"https:\/\/3villas.online\/fr\/"},{"@type":"ListItem","position":2,"name":"Informations sur Minorque"}]},{"@type":"WebSite","@id":"https:\/\/3villas.online\/fr\/#website","url":"https:\/\/3villas.online\/fr\/","name":"3 Villas Online","description":"Experiencias \u00fanicas y memorables en Menorca","publisher":{"@id":"https:\/\/3villas.online\/fr\/#organization"},"potentialAction":[{"@type":"SearchAction","target":{"@type":"EntryPoint","urlTemplate":"https:\/\/3villas.online\/fr\/?s={search_term_string}"},"query-input":{"@type":"PropertyValueSpecification","valueRequired":true,"valueName":"search_term_string"}}],"inLanguage":"fr-FR"},{"@type":"Organization","@id":"https:\/\/3villas.online\/fr\/#organization","name":"3 Villas Alquiler Vacacional Inmobiliaria","url":"https:\/\/3villas.online\/fr\/","logo":{"@type":"ImageObject","inLanguage":"fr-FR","@id":"https:\/\/3villas.online\/fr\/#\/schema\/logo\/image\/","url":"https:\/\/3villas.online\/wp-content\/uploads\/2025\/01\/cropped-3villas-simbolo-rojo-sin-fondo.png","contentUrl":"https:\/\/3villas.online\/wp-content\/uploads\/2025\/01\/cropped-3villas-simbolo-rojo-sin-fondo.png","width":512,"height":512,"caption":"3 Villas Alquiler Vacacional Inmobiliaria"},"image":{"@id":"https:\/\/3villas.online\/fr\/#\/schema\/logo\/image\/"},"sameAs":["https:\/\/www.facebook.com\/3villasmenorca\/?locale=es_ES","https:\/\/www.instagram.com\/3villasmenorca\/","https:\/\/www.youtube.com\/@3villas"]}]}},"_links":{"self":[{"href":"https:\/\/3villas.online\/fr\/wp-json\/wp\/v2\/pages\/320055","targetHints":{"allow":["GET"]}}],"collection":[{"href":"https:\/\/3villas.online\/fr\/wp-json\/wp\/v2\/pages"}],"about":[{"href":"https:\/\/3villas.online\/fr\/wp-json\/wp\/v2\/types\/page"}],"author":[{"embeddable":true,"href":"https:\/\/3villas.online\/fr\/wp-json\/wp\/v2\/users\/2"}],"replies":[{"embeddable":true,"href":"https:\/\/3villas.online\/fr\/wp-json\/wp\/v2\/comments?post=320055"}],"version-history":[{"count":5,"href":"https:\/\/3villas.online\/fr\/wp-json\/wp\/v2\/pages\/320055\/revisions"}],"predecessor-version":[{"id":321927,"href":"https:\/\/3villas.online\/fr\/wp-json\/wp\/v2\/pages\/320055\/revisions\/321927"}],"wp:attachment":[{"href":"https:\/\/3villas.online\/fr\/wp-json\/wp\/v2\/media?parent=320055"}],"curies":[{"name":"wp","href":"https:\/\/api.w.org\/{rel}","templated":true}]}}