{"id":319931,"date":"2025-02-03T08:47:22","date_gmt":"2025-02-03T08:47:22","guid":{"rendered":"https:\/\/3villas.online\/politique-en-matiere-de-cookies\/"},"modified":"2025-07-24T10:39:33","modified_gmt":"2025-07-24T10:39:33","slug":"politique-en-matiere-de-cookies","status":"publish","type":"page","link":"https:\/\/3villas.online\/fr\/politique-en-matiere-de-cookies\/","title":{"rendered":"Politique en mati\u00e8re de cookies"},"content":{"rendered":"<p>[et_pb_section fb_built=\u00a0\u00bb1&Prime; _builder_version=\u00a0\u00bb4.27.4&Prime; _module_preset=\u00a0\u00bbdefault\u00a0\u00bb custom_margin=\u00a0\u00bb0px||||false|false\u00a0\u00bb custom_padding=\u00a0\u00bb0px||||false|false\u00a0\u00bb locked=\u00a0\u00bboff\u00a0\u00bb global_colors_info=\u00a0\u00bb{}\u00a0\u00bb][et_pb_row _builder_version=\u00a0\u00bb4.27.4&Prime; _module_preset=\u00a0\u00bbdefault\u00a0\u00bb width_tablet=\u00a0\u00bb\u00a0\u00bb width_phone=\u00a0\u00bb90%\u00a0\u00bb width_last_edited=\u00a0\u00bbon|phone\u00a0\u00bb global_colors_info=\u00a0\u00bb{}\u00a0\u00bb][et_pb_column type=\u00a0\u00bb4_4&Prime; _builder_version=\u00a0\u00bb4.27.4&Prime; _module_preset=\u00a0\u00bbdefault\u00a0\u00bb global_colors_info=\u00a0\u00bb{}\u00a0\u00bb][et_pb_text _builder_version=\u00a0\u00bb4.27.4&Prime; _module_preset=\u00a0\u00bbdefault\u00a0\u00bb text_font_size_tablet=\u00a0\u00bb20px\u00a0\u00bb text_font_size_phone=\u00a0\u00bb20px\u00a0\u00bb text_font_size_last_edited=\u00a0\u00bbon|phone\u00a0\u00bb global_colors_info=\u00a0\u00bb{}\u00a0\u00bb]<\/p>\n<h1 data-pm-slice=\"1 3 []\"><span><strong>POLITIQUE EN MATI\u00c8RE DE COOKIES<\/strong><\/span><\/h1>\n<p><span><strong><\/strong><\/span><\/p>\n<p data-pm-slice=\"1 3 []\"><span><strong>POLITIQUE EN MATI\u00c8RE DE COOKIES<\/strong><\/span><\/p>\n<p><span><strong>Introduction<\/strong><\/span><span> A <\/span><span><em>3villas Alquiler Vacacional S.L.<\/em><\/span><span>  Nous utilisons des cookies et des technologies similaires pour am\u00e9liorer votre exp\u00e9rience de navigation sur notre site web, pour fournir un service plus personnalis\u00e9 et pour recueillir des informations sur l&rsquo;utilisation du site. Nous expliquons ci-dessous ce que sont les cookies, \u00e0 quoi ils servent et comment vous pouvez les g\u00e9rer. <\/span><\/p>\n<p><span><strong>2) Qu&rsquo;est-ce qu&rsquo;un cookie ?<\/strong><\/span><span>  Les cookies sont de petits fichiers texte qui sont stock\u00e9s sur l&rsquo;appareil de l&rsquo;utilisateur lorsqu&rsquo;il visite un site web. Ces cookies permettent au site de m\u00e9moriser des informations relatives \u00e0 votre visite, telles que les pr\u00e9f\u00e9rences linguistiques, les param\u00e8tres et les activit\u00e9s effectu\u00e9es sur le site, afin d&rsquo;am\u00e9liorer la navigation et de faciliter les visites ult\u00e9rieures. <\/span><\/p>\n<p><span><strong>3. les types de cookies que nous utilisons<\/strong><\/span><span> Dans le cadre de <\/span><span><em>3villas Alquiler Vacacional S.L.<\/em><\/span><span> nous utilisons les types de cookies suivants :<\/span><\/p>\n<ul data-spread=\"false\">\n<li>\n<p><span><strong>Cookies essentiels ou techniques :<\/strong><\/span><span>  Ils sont n\u00e9cessaires au fonctionnement du site web et permettent des fonctions telles que la navigation et l&rsquo;acc\u00e8s \u00e0 des zones s\u00e9curis\u00e9es. Sans ces cookies, le site web ne pourrait pas fonctionner correctement. <\/span><\/p>\n<\/li>\n<li>\n<p><span><strong>Cookies de personnalisation :<\/strong><\/span><span> Ils nous permettent de nous souvenir de vos pr\u00e9f\u00e9rences (telles que la langue ou la r\u00e9gion \u00e0 partir de laquelle vous acc\u00e9dez au site) afin de vous offrir une exp\u00e9rience plus personnalis\u00e9e.<\/span><\/p>\n<\/li>\n<li>\n<p><span><strong>Cookies analytiques ou de performance :<\/strong><\/span><span>  Ils nous aident \u00e0 analyser le comportement des utilisateurs sur le site web et \u00e0 am\u00e9liorer nos services. Ces cookies collectent des informations sous une forme anonyme. <\/span><\/p>\n<\/li>\n<li>\n<p><span><strong>Cookies publicitaires ou de tiers :<\/strong><\/span><span>  Ils sont utilis\u00e9s pour afficher des publicit\u00e9s pertinentes bas\u00e9es sur les int\u00e9r\u00eats de l&rsquo;utilisateur. Ces cookies peuvent provenir de tiers tels que Google, Meta ou des plateformes publicitaires. <\/span><\/p>\n<\/li>\n<\/ul>\n<p><span><strong>4. comment g\u00e9rer les cookies ?<\/strong><\/span><span>  Vous pouvez g\u00e9rer, bloquer ou supprimer les cookies \u00e0 tout moment \u00e0 partir des param\u00e8tres de votre navigateur. Nous vous indiquons ci-dessous comment proc\u00e9der avec les navigateurs les plus courants : <\/span><\/p>\n<ul data-spread=\"false\">\n<li>\n<p><span><strong>Google Chrome :<\/strong><\/span><span> <\/span><span><a disabled>Param\u00e8tres des cookies<\/a><\/span><\/p>\n<\/li>\n<li>\n<p><span><strong>Mozilla Firefox :<\/strong><\/span><span> <\/span><a href=\"https:\/\/support.mozilla.org\/es\/kb\/habilitar-y-deshabilitar-cookies-sitios-web-rastrear-preferencias\" disabled><span>Param\u00e8tres des cookies<\/span><\/a><\/p>\n<\/li>\n<li>\n<p><span><strong>Safari :<\/strong><\/span><span> <\/span><a href=\"https:\/\/support.apple.com\/es-es\/HT201265\" disabled><span>Param\u00e8tres des cookies<\/span><\/a><\/p>\n<\/li>\n<li>\n<p><span><strong>Microsoft Edge :<\/strong><\/span><span> <\/span><a href=\"https:\/\/support.microsoft.com\/es-es\/microsoft-edge\/eliminar-las-cookies-en-microsoft-edge-63947406-40ac-c3b8-57b9-2a946a29ae09\" disabled><span>Param\u00e8tres des cookies<\/span><\/a><\/p>\n<\/li>\n<\/ul>\n<p><span>Si vous choisissez de bloquer certains cookies, il se peut que certaines fonctionnalit\u00e9s de notre site web ne soient pas disponibles ou ne fonctionnent pas correctement.<\/span><\/p>\n<p><span><strong>5. Cookies de tiers<\/strong><\/span><span>  Notre site web peut inclure du contenu provenant de tiers, comme des vid\u00e9os YouTube, des boutons de partage de m\u00e9dias sociaux ou des publicit\u00e9s. Ces fournisseurs peuvent utiliser leurs propres cookies, sur lesquels nous n&rsquo;avons aucun contr\u00f4le. Nous vous recommandons de consulter leurs politiques en mati\u00e8re de confidentialit\u00e9 et de cookies pour plus d&rsquo;informations.  <\/span><\/p>\n<p><span><strong>6. Modifications de la politique en mati\u00e8re de cookies<\/strong><\/span><span>  Nous pouvons mettre \u00e0 jour notre politique en mati\u00e8re de cookies \u00e0 tout moment, c&rsquo;est pourquoi nous vous invitons \u00e0 la consulter r\u00e9guli\u00e8rement. La date de la derni\u00e8re mise \u00e0 jour sera indiqu\u00e9e au bas de ce document. <\/span><\/p>\n<p><span><strong>7. Contact<\/strong><\/span><span> Si vous avez des questions concernant notre politique en mati\u00e8re de cookies, vous pouvez nous contacter \u00e0 l&rsquo;adresse suivante :<\/span><\/p>\n<ul data-spread=\"false\">\n<li>\n<p><span><strong>Courriel :<\/strong><\/span><span> <\/span><span><a disabled>admin@3villas.com<\/a><\/span><\/p>\n<\/li>\n<li>\n<p><span><strong>T\u00e9l\u00e9phone : +34 659 93 34 34<\/strong><\/span><span> +34 659 93 34 34<\/span><\/p>\n<\/li>\n<li>\n<p><span><strong>Adresse :<\/strong><\/span><span> Avda. de Fort de l&rsquo;Eau, 131, Mah\u00f3n<\/span><\/p>\n<\/li>\n<\/ul>\n<ul data-spread=\"false\"><\/ul>\n<p>[\/et_pb_text][\/et_pb_column][\/et_pb_row][\/et_pb_section]<\/p>\n","protected":false},"excerpt":{"rendered":"<p>POLITIQUE EN MATI\u00c8RE DE COOKIES POLITIQUE EN MATI\u00c8RE DE COOKIES Introduction A 3villas Alquiler Vacacional S.L. Nous utilisons des cookies et des technologies similaires pour am\u00e9liorer votre exp\u00e9rience de navigation sur notre site web, pour fournir un service plus personnalis\u00e9 et pour recueillir des informations sur l&rsquo;utilisation du site. Nous expliquons ci-dessous ce que sont [&hellip;]<\/p>\n","protected":false},"author":2,"featured_media":0,"parent":0,"menu_order":5,"comment_status":"closed","ping_status":"closed","template":"","meta":{"_et_pb_use_builder":"on","_et_pb_old_content":"","_et_gb_content_width":"","om_disable_all_campaigns":false,"_monsterinsights_skip_tracking":false,"_monsterinsights_sitenote_active":false,"_monsterinsights_sitenote_note":"","_monsterinsights_sitenote_category":0,"_uf_show_specific_survey":0,"_uf_disable_surveys":false,"footnotes":""},"class_list":["post-319931","page","type-page","status-publish","hentry"],"yoast_head":"<!-- This site is optimized with the Yoast SEO plugin v27.1.1 - https:\/\/yoast.com\/product\/yoast-seo-wordpress\/ -->\n<title>Politique en mati\u00e8re de cookies - 3 Villas Online<\/title>\n<meta name=\"description\" content=\"Informations sur la politique en mati\u00e8re de cookies du site web de 3villas.\" \/>\n<meta name=\"robots\" content=\"index, follow, max-snippet:-1, max-image-preview:large, max-video-preview:-1\" \/>\n<link rel=\"canonical\" href=\"https:\/\/3villas.online\/fr\/politique-en-matiere-de-cookies\/\" \/>\n<meta property=\"og:locale\" content=\"fr_FR\" \/>\n<meta property=\"og:type\" content=\"article\" \/>\n<meta property=\"og:title\" content=\"Politique en mati\u00e8re de cookies - 3 Villas Online\" \/>\n<meta property=\"og:description\" content=\"Informations sur la politique en mati\u00e8re de cookies du site web de 3villas.\" \/>\n<meta property=\"og:url\" content=\"https:\/\/3villas.online\/fr\/politique-en-matiere-de-cookies\/\" \/>\n<meta property=\"og:site_name\" content=\"3 Villas Online\" \/>\n<meta property=\"article:publisher\" content=\"https:\/\/www.facebook.com\/3villasmenorca\/?locale=es_ES\" \/>\n<meta property=\"article:modified_time\" content=\"2025-07-24T10:39:33+00:00\" \/>\n<meta property=\"og:image\" content=\"https:\/\/3villas.online\/wp-content\/uploads\/2025\/02\/Fondo-generico-entrada.jpg\" \/>\n\t<meta property=\"og:image:width\" content=\"2000\" \/>\n\t<meta property=\"og:image:height\" content=\"675\" \/>\n\t<meta property=\"og:image:type\" content=\"image\/jpeg\" \/>\n<meta name=\"twitter:card\" content=\"summary_large_image\" \/>\n<meta name=\"twitter:label1\" content=\"Dur\u00e9e de lecture estim\u00e9e\" \/>\n\t<meta name=\"twitter:data1\" content=\"3 minutes\" \/>\n<script type=\"application\/ld+json\" class=\"yoast-schema-graph\">{\"@context\":\"https:\/\/schema.org\",\"@graph\":[{\"@type\":\"WebPage\",\"@id\":\"https:\/\/3villas.online\/fr\/politique-en-matiere-de-cookies\/\",\"url\":\"https:\/\/3villas.online\/fr\/politique-en-matiere-de-cookies\/\",\"name\":\"Politique en mati\u00e8re de cookies - 3 Villas Online\",\"isPartOf\":{\"@id\":\"https:\/\/3villas.online\/fr\/#website\"},\"datePublished\":\"2025-02-03T08:47:22+00:00\",\"dateModified\":\"2025-07-24T10:39:33+00:00\",\"description\":\"Informations sur la politique en mati\u00e8re de cookies du site web de 3villas.\",\"breadcrumb\":{\"@id\":\"https:\/\/3villas.online\/fr\/politique-en-matiere-de-cookies\/#breadcrumb\"},\"inLanguage\":\"fr-FR\",\"potentialAction\":[{\"@type\":\"ReadAction\",\"target\":[\"https:\/\/3villas.online\/fr\/politique-en-matiere-de-cookies\/\"]}]},{\"@type\":\"BreadcrumbList\",\"@id\":\"https:\/\/3villas.online\/fr\/politique-en-matiere-de-cookies\/#breadcrumb\",\"itemListElement\":[{\"@type\":\"ListItem\",\"position\":1,\"name\":\"Portada\",\"item\":\"https:\/\/3villas.online\/fr\/\"},{\"@type\":\"ListItem\",\"position\":2,\"name\":\"Politique en mati\u00e8re de cookies\"}]},{\"@type\":\"WebSite\",\"@id\":\"https:\/\/3villas.online\/fr\/#website\",\"url\":\"https:\/\/3villas.online\/fr\/\",\"name\":\"3 Villas Online\",\"description\":\"Experiencias \u00fanicas y memorables en Menorca\",\"publisher\":{\"@id\":\"https:\/\/3villas.online\/fr\/#organization\"},\"potentialAction\":[{\"@type\":\"SearchAction\",\"target\":{\"@type\":\"EntryPoint\",\"urlTemplate\":\"https:\/\/3villas.online\/fr\/?s={search_term_string}\"},\"query-input\":{\"@type\":\"PropertyValueSpecification\",\"valueRequired\":true,\"valueName\":\"search_term_string\"}}],\"inLanguage\":\"fr-FR\"},{\"@type\":\"Organization\",\"@id\":\"https:\/\/3villas.online\/fr\/#organization\",\"name\":\"3 Villas Alquiler Vacacional Inmobiliaria\",\"url\":\"https:\/\/3villas.online\/fr\/\",\"logo\":{\"@type\":\"ImageObject\",\"inLanguage\":\"fr-FR\",\"@id\":\"https:\/\/3villas.online\/fr\/#\/schema\/logo\/image\/\",\"url\":\"https:\/\/3villas.online\/wp-content\/uploads\/2025\/01\/cropped-3villas-simbolo-rojo-sin-fondo.png\",\"contentUrl\":\"https:\/\/3villas.online\/wp-content\/uploads\/2025\/01\/cropped-3villas-simbolo-rojo-sin-fondo.png\",\"width\":512,\"height\":512,\"caption\":\"3 Villas Alquiler Vacacional Inmobiliaria\"},\"image\":{\"@id\":\"https:\/\/3villas.online\/fr\/#\/schema\/logo\/image\/\"},\"sameAs\":[\"https:\/\/www.facebook.com\/3villasmenorca\/?locale=es_ES\",\"https:\/\/www.instagram.com\/3villasmenorca\/\",\"https:\/\/www.youtube.com\/@3villas\"]}]}<\/script>\n<!-- \/ Yoast SEO plugin. -->","yoast_head_json":{"title":"Politique en mati\u00e8re de cookies - 3 Villas Online","description":"Informations sur la politique en mati\u00e8re de cookies du site web de 3villas.","robots":{"index":"index","follow":"follow","max-snippet":"max-snippet:-1","max-image-preview":"max-image-preview:large","max-video-preview":"max-video-preview:-1"},"canonical":"https:\/\/3villas.online\/fr\/politique-en-matiere-de-cookies\/","og_locale":"fr_FR","og_type":"article","og_title":"Politique en mati\u00e8re de cookies - 3 Villas Online","og_description":"Informations sur la politique en mati\u00e8re de cookies du site web de 3villas.","og_url":"https:\/\/3villas.online\/fr\/politique-en-matiere-de-cookies\/","og_site_name":"3 Villas Online","article_publisher":"https:\/\/www.facebook.com\/3villasmenorca\/?locale=es_ES","article_modified_time":"2025-07-24T10:39:33+00:00","og_image":[{"width":2000,"height":675,"url":"https:\/\/3villas.online\/wp-content\/uploads\/2025\/02\/Fondo-generico-entrada.jpg","type":"image\/jpeg"}],"twitter_card":"summary_large_image","twitter_misc":{"Dur\u00e9e de lecture estim\u00e9e":"3 minutes"},"schema":{"@context":"https:\/\/schema.org","@graph":[{"@type":"WebPage","@id":"https:\/\/3villas.online\/fr\/politique-en-matiere-de-cookies\/","url":"https:\/\/3villas.online\/fr\/politique-en-matiere-de-cookies\/","name":"Politique en mati\u00e8re de cookies - 3 Villas Online","isPartOf":{"@id":"https:\/\/3villas.online\/fr\/#website"},"datePublished":"2025-02-03T08:47:22+00:00","dateModified":"2025-07-24T10:39:33+00:00","description":"Informations sur la politique en mati\u00e8re de cookies du site web de 3villas.","breadcrumb":{"@id":"https:\/\/3villas.online\/fr\/politique-en-matiere-de-cookies\/#breadcrumb"},"inLanguage":"fr-FR","potentialAction":[{"@type":"ReadAction","target":["https:\/\/3villas.online\/fr\/politique-en-matiere-de-cookies\/"]}]},{"@type":"BreadcrumbList","@id":"https:\/\/3villas.online\/fr\/politique-en-matiere-de-cookies\/#breadcrumb","itemListElement":[{"@type":"ListItem","position":1,"name":"Portada","item":"https:\/\/3villas.online\/fr\/"},{"@type":"ListItem","position":2,"name":"Politique en mati\u00e8re de cookies"}]},{"@type":"WebSite","@id":"https:\/\/3villas.online\/fr\/#website","url":"https:\/\/3villas.online\/fr\/","name":"3 Villas Online","description":"Experiencias \u00fanicas y memorables en Menorca","publisher":{"@id":"https:\/\/3villas.online\/fr\/#organization"},"potentialAction":[{"@type":"SearchAction","target":{"@type":"EntryPoint","urlTemplate":"https:\/\/3villas.online\/fr\/?s={search_term_string}"},"query-input":{"@type":"PropertyValueSpecification","valueRequired":true,"valueName":"search_term_string"}}],"inLanguage":"fr-FR"},{"@type":"Organization","@id":"https:\/\/3villas.online\/fr\/#organization","name":"3 Villas Alquiler Vacacional Inmobiliaria","url":"https:\/\/3villas.online\/fr\/","logo":{"@type":"ImageObject","inLanguage":"fr-FR","@id":"https:\/\/3villas.online\/fr\/#\/schema\/logo\/image\/","url":"https:\/\/3villas.online\/wp-content\/uploads\/2025\/01\/cropped-3villas-simbolo-rojo-sin-fondo.png","contentUrl":"https:\/\/3villas.online\/wp-content\/uploads\/2025\/01\/cropped-3villas-simbolo-rojo-sin-fondo.png","width":512,"height":512,"caption":"3 Villas Alquiler Vacacional Inmobiliaria"},"image":{"@id":"https:\/\/3villas.online\/fr\/#\/schema\/logo\/image\/"},"sameAs":["https:\/\/www.facebook.com\/3villasmenorca\/?locale=es_ES","https:\/\/www.instagram.com\/3villasmenorca\/","https:\/\/www.youtube.com\/@3villas"]}]}},"_links":{"self":[{"href":"https:\/\/3villas.online\/fr\/wp-json\/wp\/v2\/pages\/319931","targetHints":{"allow":["GET"]}}],"collection":[{"href":"https:\/\/3villas.online\/fr\/wp-json\/wp\/v2\/pages"}],"about":[{"href":"https:\/\/3villas.online\/fr\/wp-json\/wp\/v2\/types\/page"}],"author":[{"embeddable":true,"href":"https:\/\/3villas.online\/fr\/wp-json\/wp\/v2\/users\/2"}],"replies":[{"embeddable":true,"href":"https:\/\/3villas.online\/fr\/wp-json\/wp\/v2\/comments?post=319931"}],"version-history":[{"count":1,"href":"https:\/\/3villas.online\/fr\/wp-json\/wp\/v2\/pages\/319931\/revisions"}],"predecessor-version":[{"id":319934,"href":"https:\/\/3villas.online\/fr\/wp-json\/wp\/v2\/pages\/319931\/revisions\/319934"}],"wp:attachment":[{"href":"https:\/\/3villas.online\/fr\/wp-json\/wp\/v2\/media?parent=319931"}],"curies":[{"name":"wp","href":"https:\/\/api.w.org\/{rel}","templated":true}]}}