{"id":981,"date":"2025-01-20T09:14:04","date_gmt":"2025-01-20T09:14:04","guid":{"rendered":"https:\/\/3villas.online\/zones-menorca-information-mao-mahon\/"},"modified":"2025-07-17T09:15:59","modified_gmt":"2025-07-17T09:15:59","slug":"zones-menorca-information-mao-mahon","status":"publish","type":"page","link":"https:\/\/3villas.online\/en\/zones-menorca-information-mao-mahon\/","title":{"rendered":"Zones Menorca Information Ma\u00f3 (Mah\u00f3n)"},"content":{"rendered":"<p>[et_pb_section fb_built=&#8221;1&#8243; _builder_version=&#8221;4.27.4&#8243; _module_preset=&#8221;default&#8221; transform_scale_tablet=&#8221;&#8221; transform_scale_phone=&#8221;&#8221; transform_scale_last_edited=&#8221;on|desktop&#8221; transform_translate_tablet=&#8221;0px|0px&#8221; transform_translate_phone=&#8221;0px|0px&#8221; transform_translate_last_edited=&#8221;on|phone&#8221; transform_translate_linked=&#8221;off&#8221; transform_rotate_tablet=&#8221;&#8221; transform_rotate_phone=&#8221;&#8221; transform_rotate_last_edited=&#8221;on|desktop&#8221; transform_skew_tablet=&#8221;&#8221; transform_skew_phone=&#8221;&#8221; transform_skew_last_edited=&#8221;on|desktop&#8221; transform_origin_tablet=&#8221;&#8221; transform_origin_phone=&#8221;&#8221; transform_origin_last_edited=&#8221;on|desktop&#8221; transform_styles_last_edited=&#8221;on|phone&#8221; custom_margin=&#8221;0px||0px||false|false&#8221; custom_padding=&#8221;0px||0px||false|false&#8221; transform_styles_tablet=&#8221;&#8221; transform_styles_phone=&#8221;&#8221; locked=&#8221;off&#8221; global_colors_info=&#8221;{}&#8221;][et_pb_row column_structure=&#8221;1_3,1_3,1_3&#8243; use_custom_gutter=&#8221;on&#8221; gutter_width=&#8221;1&#8243; _builder_version=&#8221;4.27.4&#8243; _module_preset=&#8221;default&#8221; custom_margin=&#8221;0px||0px||false|false&#8221; custom_padding=&#8221;0px||0px||false|false&#8221; global_colors_info=&#8221;{}&#8221;][et_pb_column type=&#8221;1_3&#8243; _builder_version=&#8221;4.27.4&#8243; _module_preset=&#8221;default&#8221; global_colors_info=&#8221;{}&#8221;][et_pb_button button_url=&#8221;@ET-DC@eyJkeW5hbWljIjp0cnVlLCJjb250ZW50IjoicG9zdF9saW5rX3VybF9wYWdlIiwic2V0dGluZ3MiOnsicG9zdF9pZCI6IjE4MCJ9fQ==@&#8221; button_text=&#8221;MENORCA&#8221; button_alignment=&#8221;center&#8221; _builder_version=&#8221;4.27.4&#8243; _dynamic_attributes=&#8221;button_url&#8221; _module_preset=&#8221;default&#8221; custom_button=&#8221;on&#8221; button_text_size=&#8221;29px&#8221; button_text_color=&#8221;#FFFFFF&#8221; button_bg_color=&#8221;gcid-a714e1b8-98b9-4d8a-ae8b-722089bfd5e0&#8243; button_border_width=&#8221;2px&#8221; button_border_radius=&#8221;34px&#8221; button_use_icon=&#8221;off&#8221; custom_margin=&#8221;0px||5px||false|false&#8221; custom_padding=&#8221;10px|80px|10px|80px|false|false&#8221; hover_transition_duration=&#8221;0ms&#8221; box_shadow_style=&#8221;preset3&#8243; box_shadow_vertical=&#8221;10px&#8221; box_shadow_blur=&#8221;6px&#8221; locked=&#8221;off&#8221; global_colors_info=&#8221;{%22gcid-a714e1b8-98b9-4d8a-ae8b-722089bfd5e0%22:%91%22button_bg_color%22%93}&#8221; button_text_color__hover_enabled=&#8221;on|hover&#8221; button_text_color__hover=&#8221;#9e9e9e&#8221;][\/et_pb_button][\/et_pb_column][et_pb_column type=&#8221;1_3&#8243; _builder_version=&#8221;4.27.4&#8243; _module_preset=&#8221;default&#8221; global_colors_info=&#8221;{}&#8221;][et_pb_button button_url=&#8221;@ET-DC@eyJkeW5hbWljIjp0cnVlLCJjb250ZW50IjoicG9zdF9saW5rX3VybF9wYWdlIiwic2V0dGluZ3MiOnsicG9zdF9pZCI6IjE5MSJ9fQ==@&#8221; button_text=&#8221;ZONES&#8221; button_alignment=&#8221;center&#8221; _builder_version=&#8221;4.27.4&#8243; _dynamic_attributes=&#8221;button_url&#8221; _module_preset=&#8221;default&#8221; custom_button=&#8221;on&#8221; button_text_size=&#8221;29px&#8221; button_text_color=&#8221;#FFFFFF&#8221; button_bg_color=&#8221;gcid-86fc577a-fb0b-4f0a-9fcc-b45cbcf4f479&#8243; button_border_width=&#8221;2px&#8221; button_border_radius=&#8221;34px&#8221; button_use_icon=&#8221;off&#8221; custom_margin=&#8221;0px||5px||false|false&#8221; custom_padding=&#8221;10px|100px|10px|100px|false|false&#8221; hover_transition_duration=&#8221;0ms&#8221; locked=&#8221;off&#8221; global_colors_info=&#8221;{%22gcid-86fc577a-fb0b-4f0a-9fcc-b45cbcf4f479%22:%91%22button_bg_color%22%93}&#8221; button_text_color__hover_enabled=&#8221;on|hover&#8221; button_text_color__hover=&#8221;#9e9e9e&#8221;][\/et_pb_button][\/et_pb_column][et_pb_column type=&#8221;1_3&#8243; _builder_version=&#8221;4.27.4&#8243; _module_preset=&#8221;default&#8221; global_colors_info=&#8221;{}&#8221;][et_pb_button button_url=&#8221;@ET-DC@eyJkeW5hbWljIjp0cnVlLCJjb250ZW50IjoicG9zdF9saW5rX3VybF9wYWdlIiwic2V0dGluZ3MiOnsicG9zdF9pZCI6IjUzMSJ9fQ==@&#8221; button_text=&#8221;PROPERTIES&#8221; button_alignment=&#8221;center&#8221; _builder_version=&#8221;4.27.4&#8243; _dynamic_attributes=&#8221;button_url&#8221; _module_preset=&#8221;default&#8221; custom_button=&#8221;on&#8221; button_text_size=&#8221;29px&#8221; button_text_color=&#8221;#FFFFFF&#8221; button_bg_color=&#8221;gcid-a714e1b8-98b9-4d8a-ae8b-722089bfd5e0&#8243; button_border_width=&#8221;2px&#8221; button_border_radius=&#8221;34px&#8221; button_use_icon=&#8221;off&#8221; custom_margin=&#8221;0px||5px||false|false&#8221; custom_padding=&#8221;10px|60px|10px|60px|false|false&#8221; hover_transition_duration=&#8221;0ms&#8221; box_shadow_style=&#8221;preset3&#8243; box_shadow_vertical=&#8221;10px&#8221; box_shadow_blur=&#8221;6px&#8221; locked=&#8221;off&#8221; global_colors_info=&#8221;{%22gcid-a714e1b8-98b9-4d8a-ae8b-722089bfd5e0%22:%91%22button_bg_color%22%93}&#8221; button_text_color__hover_enabled=&#8221;on|hover&#8221; button_text_color__hover=&#8221;#9e9e9e&#8221;][\/et_pb_button][\/et_pb_column][\/et_pb_row][et_pb_row _builder_version=&#8221;4.27.4&#8243; _module_preset=&#8221;default&#8221; width_tablet=&#8221;&#8221; width_phone=&#8221;90%&#8221; width_last_edited=&#8221;on|phone&#8221; locked=&#8221;off&#8221; global_colors_info=&#8221;{}&#8221;][et_pb_column type=&#8221;4_4&#8243; _builder_version=&#8221;4.27.4&#8243; _module_preset=&#8221;default&#8221; global_colors_info=&#8221;{}&#8221;][et_pb_text _builder_version=&#8221;4.27.4&#8243; _module_preset=&#8221;default&#8221; text_orientation=&#8221;center&#8221; width=&#8221;98%&#8221; min_height_tablet=&#8221;&#8221; min_height_phone=&#8221;126px&#8221; min_height_last_edited=&#8221;on|phone&#8221; custom_margin=&#8221;||0px||false|false&#8221; custom_padding=&#8221;||0px||false|false&#8221; global_colors_info=&#8221;{}&#8221;]<\/p>\n<p><span style=\"color: #9e7c32;\"><span style=\"color: #dcdcdc;\"><a href=\"https:\/\/3villas.online\/en\/zones-menorca-information-ciutadella\/\" style=\"color: #dcdcdc;\">CIUTADELLA <\/a> | <a href=\"https:\/\/3villas.online\/en\/zones-menorca-information-ferreries\/\" style=\"color: #dcdcdc;\">FERRERIES<\/a> | <a href=\"https:\/\/3villas.online\/en\/zones-menorca-information-es-mercadal\/\" style=\"color: #dcdcdc;\">ES MERCADAL <\/a>| <a href=\"https:\/\/3villas.online\/en\/zones-menorca-information-es-migjorn-gran\/\" style=\"color: #dcdcdc;\">ES MIGJORN GRAN <\/a>| <a href=\"https:\/\/3villas.online\/en\/zones-menorca-information-alaior\/\" style=\"color: #dcdcdc;\">ALAIOR <\/a> | <a href=\"https:\/\/3villas.online\/en\/zones-menorca-information-sant-lluis\/\" style=\"color: #dcdcdc;\">SANT LLUIS <\/a>| <a href=\"https:\/\/3villas.online\/en\/zones-menorca-information-es-castell\/\" style=\"color: #dcdcdc;\">ES CASTELL | ES CASTELL <\/a>|<\/span>  <a href=\"https:\/\/3villas.online\/en\/zones-menorca-information-mao-mahon\/\" style=\"color: #9e7c32;\">MA\u00d3 (MAH\u00d3N)<\/a><\/span><\/p>\n<p>[\/et_pb_text][\/et_pb_column][\/et_pb_row][\/et_pb_section][et_pb_section fb_built=&#8221;1&#8243; _builder_version=&#8221;4.27.4&#8243; _module_preset=&#8221;default&#8221; custom_margin=&#8221;0px||||false|false&#8221; custom_padding=&#8221;0px||||false|false&#8221; locked=&#8221;off&#8221; global_colors_info=&#8221;{}&#8221;][et_pb_row _builder_version=&#8221;4.27.4&#8243; _module_preset=&#8221;default&#8221; width_tablet=&#8221;&#8221; width_phone=&#8221;90%&#8221; width_last_edited=&#8221;on|phone&#8221; global_colors_info=&#8221;{}&#8221;][et_pb_column type=&#8221;4_4&#8243; _builder_version=&#8221;4.27.4&#8243; _module_preset=&#8221;default&#8221; global_colors_info=&#8221;{}&#8221;][et_pb_text _builder_version=&#8221;4.27.4&#8243; _module_preset=&#8221;default&#8221; text_font_size_tablet=&#8221;20px&#8221; text_font_size_phone=&#8221;20px&#8221; text_font_size_last_edited=&#8221;on|phone&#8221; global_colors_info=&#8221;{}&#8221;]<\/p>\n<h1><strong>Location and surroundings of Ma\u00f3<\/strong><\/h1>\n<p>Ma\u00f3 (Mah\u00f3n), the capital of Menorca, is located in the east of the island and has one of the largest natural harbors in the world, stretching for more than 5 kilometers. This city perfectly combines its rich history with a modern and cosmopolitan atmosphere, offering visitors a unique experience. Its strategic location has made Ma\u00f3 a key point in the history of the island, with British, French and Spanish influences visible in its architecture and culture.<\/p>\n<h1><strong>Heritage and culture<\/strong><\/h1>\n<p>Ma\u00f3 is home to an impressive historical and cultural heritage. Highlights include the fortress of La Mola, a majestic defensive construction dating from the 19th century, and the Teatro Principal, one of the oldest opera houses in Spain. Strolling through its streets, you can discover colonial buildings, lively squares and markets such as the Claustre del Carme, where you can buy local products. The city also has a vibrant cultural offer, with museums, art galleries and events throughout the year, such as the Mare de D\u00e9u de Gr\u00e0cia festivities in September.<\/p>\n<h1><strong>Beaches and services<\/strong><\/h1>\n<p>A short distance from the center of Ma\u00f3 are some of the most beautiful beaches in the east of Menorca, such as Sa Mesquida and Es Grau, ideal for enjoying crystal clear waters and protected natural landscapes. The city offers a wide range of services for residents and visitors, including health centers, schools, shopping areas and an excellent gastronomic offer with restaurants that stand out for their traditional Menorcan cuisine, which can not miss the famous lobster stew. In addition, <a href=\"https:\/\/www.aena.es\/es\/menorca.html\">Menorca&#8217;s airport<\/a> is located a few kilometers from the city, facilitating the arrival and departure from the island.<\/p>\n<ul><\/ul>\n<h1><\/h1>\n<p>[\/et_pb_text][\/et_pb_column][\/et_pb_row][et_pb_row _builder_version=&#8221;4.27.4&#8243; _module_preset=&#8221;default&#8221; width_tablet=&#8221;&#8221; width_phone=&#8221;90%&#8221; width_last_edited=&#8221;on|phone&#8221; global_module=&#8221;317923&#8243; global_colors_info=&#8221;{}&#8221;][et_pb_column type=&#8221;4_4&#8243; _builder_version=&#8221;4.26.1&#8243; _module_preset=&#8221;default&#8221; global_colors_info=&#8221;{}&#8221;][et_pb_text admin_label=&#8221;Text&#8221; _builder_version=&#8221;4.27.4&#8243; text_font=&#8221;|700|||||||&#8221; text_font_size=&#8221;41px&#8221; text_line_height=&#8221;1.1em&#8221; background_size=&#8221;initial&#8221; background_position=&#8221;top_left&#8221; background_repeat=&#8221;repeat&#8221; min_height=&#8221;33.4px&#8221; custom_margin=&#8221;-1px||30px||false|false&#8221; locked=&#8221;off&#8221; global_colors_info=&#8221;{}&#8221;]<\/p>\n<p style=\"text-align: center;\">You may also <span style=\"color: #dc0014;\">be interested in<\/span>&#8230;<\/p>\n<p>[\/et_pb_text][difl_cptfilter post_type=&#8221;post&#8221; posts_number=&#8221;3&#8243; post_display=&#8221;by_tax&#8221; tax_for_post=&#8221;category&#8221; post_terms_category=&#8221;54,61,62,28,64,63,30,65&#8243; use_load_more=&#8221;on&#8221; use_load_more_text=&#8221;More&#8221; all_items=&#8221;on&#8221; all_items_text=&#8221;All&#8221; alignment=&#8221;center&#8221; layout=&#8221;masonry&#8221; gutter=&#8221;15&#8243; filter_buttons_bgcolor=&#8221;gcid-a714e1b8-98b9-4d8a-ae8b-722089bfd5e0&#8243; filter_button_align=&#8221;flex-start&#8221; filter_nav_gap=&#8221;6&#8243; filter_buttons_margin=&#8221;||0px||false|false&#8221; filter_buttons_padding=&#8221;2px|15px|2px|15px|false|true&#8221; filter_button_active_bgcolor=&#8221;gcid-primary-color&#8221; load_more_align=&#8221;center&#8221; load_more_background_bgcolor=&#8221;gcid-primary-color&#8221; load_more_margin=&#8221;16px||||false|false&#8221; load_more_padding=&#8221;8px|12px|8px|16px|false|false&#8221; item_outer_background_bgcolor=&#8221;#FFFFFF&#8221; item_inner_background_bgcolor=&#8221;RGBA(255,255,255,0)&#8221; wrapper_margin=&#8221;||||false|false&#8221; wrapper_padding=&#8221;||||false|false&#8221; item_wrapper_padding=&#8221;16px|16px|30px|16px|false|true&#8221; item_padding=&#8221;|20px||20px|false|true&#8221; loader_spining=&#8221;on&#8221; loader_spinning_color=&#8221;#ffffff&#8221; loader_spinning_bg_color=&#8221;#00d9d9&#8243; column_tablet=&#8221;2&#8243; column_phone=&#8221;1&#8243; column_last_edited=&#8221;on|tablet&#8221; gutter_tablet=&#8221;20&#8243; gutter_phone=&#8221;20&#8243; gutter_last_edited=&#8221;on|tablet&#8221; _builder_version=&#8221;4.27.4&#8243; _module_preset=&#8221;default&#8221; filter_buttons_font=&#8221;&#8211;et_global_body_font|500|||||||&#8221; filter_buttons_text_color=&#8221;#FFFFFF&#8221; filter_buttons_font_size=&#8221;12px&#8221; filter_buttons_line_height=&#8221;30px&#8221; filter_button_active_font=&#8221;&#8211;et_global_body_font|600|||||||&#8221; filter_button_active_text_color=&#8221;#FFFFFF&#8221; filter_button_active_font_size=&#8221;20px&#8221; load_more_text_color=&#8221;#FFFFFF&#8221; custom_padding=&#8221;||||false|false&#8221; border_radii_item_outer=&#8221;on|30px|30px|30px|30px&#8221; border_width_all_item_outer=&#8221;1px&#8221; border_color_all_item_outer=&#8221;RGBA(255,255,255,0)&#8221; border_radii_item=&#8221;on|16px|16px|16px|16px&#8221; border_radii_filter_buttons=&#8221;on|10px|10px|10px|10px&#8221; border_radii_load_more=&#8221;on|10px|10px|10px|10px&#8221; box_shadow_style_item_outer=&#8221;preset3&#8243; box_shadow_blur_item_outer=&#8221;17px&#8221; box_shadow_spread_item_outer=&#8221;-11px&#8221; global_colors_info=&#8221;{%22gcid-primary-color%22:%91%22load_more_background_bgcolor%22%93}&#8221; equal_height__hover=&#8221;1px||||false|false&#8221; equal_height__hover_enabled=&#8221;on|hover&#8221; filter_buttons_bgcolor__hover_enabled=&#8221;on|hover&#8221; filter_buttons_bgcolor__hover=&#8221;#686868&#8243; filter_buttons_text_color__hover_enabled=&#8221;on|hover&#8221; filter_buttons_text_color__hover=&#8221;#FFFFFF&#8221;][difl_cptitem type=&#8221;image&#8221; outside_wrapper=&#8221;on&#8221; image_size=&#8221;original&#8221; image_scale=&#8221;df-image-pan-left&#8221; _builder_version=&#8221;4.26.1&#8243; _module_preset=&#8221;default&#8221; border_radii=&#8221;on|16px|16px|16px|16px&#8221; global_colors_info=&#8221;{}&#8221;][\/difl_cptitem][difl_cptitem type=&#8221;title&#8221; _builder_version=&#8221;4.27.4&#8243; _module_preset=&#8221;default&#8221; body_font=&#8221;&#8211;et_global_heading_font|700|||||||&#8221; body_text_color=&#8221;#000000&#8243; body_font_size=&#8221;24px&#8221; body_line_height=&#8221;27px&#8221; tax_before_after_font=&#8221;||||||||&#8221; global_colors_info=&#8221;{}&#8221;][\/difl_cptitem][difl_cptitem type=&#8221;content&#8221; use_post_excrpt=&#8221;on&#8221; element_margin=&#8221;10px||10px||true|false&#8221; _builder_version=&#8221;4.27.4&#8243; _module_preset=&#8221;default&#8221; body_font=&#8221;&#8211;et_global_body_font||||||||&#8221; body_text_color=&#8221;#000000&#8243; body_font_size=&#8221;16px&#8221; body_line_height=&#8221;18px&#8221; global_colors_info=&#8221;{}&#8221;][\/difl_cptitem][\/difl_cptfilter][et_pb_button button_url=&#8221;@ET-DC@eyJkeW5hbWljIjp0cnVlLCJjb250ZW50IjoicG9zdF9saW5rX3VybF9wYWdlIiwic2V0dGluZ3MiOnsicG9zdF9pZCI6IjEyOCJ9fQ==@&#8221; button_text=&#8221;See other experiences&#8221; button_alignment=&#8221;center&#8221; _builder_version=&#8221;4.27.4&#8243; _dynamic_attributes=&#8221;button_url&#8221; _module_preset=&#8221;default&#8221; custom_button=&#8221;on&#8221; button_text_color=&#8221;#FFFFFF&#8221; button_bg_color=&#8221;gcid-primary-color&#8221; button_border_color=&#8221;#FFFFFF&#8221; button_border_radius=&#8221;14px&#8221; button_icon=&#8221;&#x35;||divi||400&#8243; custom_margin=&#8221;0px||0px||false|false&#8221; custom_padding=&#8221;5px|40px|5px|40px|false|false&#8221; locked=&#8221;off&#8221; global_colors_info=&#8221;{%22gcid-primary-color%22:%91%22button_bg_color%22%93}&#8221;][\/et_pb_button][\/et_pb_column][\/et_pb_row][\/et_pb_section]<\/p>\n","protected":false},"excerpt":{"rendered":"<p>CIUTADELLA | FERRERIES | ES MERCADAL | ES MIGJORN GRAN | ALAIOR | SANT LLUIS | ES CASTELL | ES CASTELL | MA\u00d3 (MAH\u00d3N)Location and surroundings of Ma\u00f3 Ma\u00f3 (Mah\u00f3n), the capital of Menorca, is located in the east of the island and has one of the largest natural harbors in the world, stretching for [&hellip;]<\/p>\n","protected":false},"author":2,"featured_media":0,"parent":0,"menu_order":7,"comment_status":"closed","ping_status":"closed","template":"","meta":{"_et_pb_use_builder":"on","_et_pb_old_content":"","_et_gb_content_width":"","om_disable_all_campaigns":false,"_monsterinsights_skip_tracking":false,"_monsterinsights_sitenote_active":false,"_monsterinsights_sitenote_note":"","_monsterinsights_sitenote_category":0,"_uf_show_specific_survey":0,"_uf_disable_surveys":false,"footnotes":""},"class_list":["post-981","page","type-page","status-publish","hentry"],"yoast_head":"<!-- This site is optimized with the Yoast SEO plugin v27.1.1 - https:\/\/yoast.com\/product\/yoast-seo-wordpress\/ -->\n<title>Zones Menorca Information Ma\u00f3 (Mah\u00f3n) - 3 Villas Online<\/title>\n<meta name=\"description\" content=\"Information about the area of Ma\u00f3-Mah\u00f3n on the island of Menorca.\" \/>\n<meta name=\"robots\" content=\"index, follow, max-snippet:-1, max-image-preview:large, max-video-preview:-1\" \/>\n<link rel=\"canonical\" href=\"https:\/\/3villas.online\/en\/zones-menorca-information-mao-mahon\/\" \/>\n<meta property=\"og:locale\" content=\"en_US\" \/>\n<meta property=\"og:type\" content=\"article\" \/>\n<meta property=\"og:title\" content=\"Zones Menorca Information Ma\u00f3 (Mah\u00f3n) - 3 Villas Online\" \/>\n<meta property=\"og:description\" content=\"Information about the area of Ma\u00f3-Mah\u00f3n on the island of Menorca.\" \/>\n<meta property=\"og:url\" content=\"https:\/\/3villas.online\/en\/zones-menorca-information-mao-mahon\/\" \/>\n<meta property=\"og:site_name\" content=\"3 Villas Online\" \/>\n<meta property=\"article:publisher\" content=\"https:\/\/www.facebook.com\/3villasmenorca\/?locale=es_ES\" \/>\n<meta property=\"article:modified_time\" content=\"2025-07-17T09:15:59+00:00\" \/>\n<meta property=\"og:image\" content=\"https:\/\/3villas.online\/wp-content\/uploads\/2025\/02\/Fondo-generico-entrada.jpg\" \/>\n\t<meta property=\"og:image:width\" content=\"2000\" \/>\n\t<meta property=\"og:image:height\" content=\"675\" \/>\n\t<meta property=\"og:image:type\" content=\"image\/jpeg\" \/>\n<meta name=\"twitter:card\" content=\"summary_large_image\" \/>\n<meta name=\"twitter:label1\" content=\"Est. reading time\" \/>\n\t<meta name=\"twitter:data1\" content=\"8 minutes\" \/>\n<script type=\"application\/ld+json\" class=\"yoast-schema-graph\">{\"@context\":\"https:\/\/schema.org\",\"@graph\":[{\"@type\":\"WebPage\",\"@id\":\"https:\/\/3villas.online\/en\/zones-menorca-information-mao-mahon\/\",\"url\":\"https:\/\/3villas.online\/en\/zones-menorca-information-mao-mahon\/\",\"name\":\"Zones Menorca Information Ma\u00f3 (Mah\u00f3n) - 3 Villas Online\",\"isPartOf\":{\"@id\":\"https:\/\/3villas.online\/en\/#website\"},\"datePublished\":\"2025-01-20T09:14:04+00:00\",\"dateModified\":\"2025-07-17T09:15:59+00:00\",\"description\":\"Information about the area of Ma\u00f3-Mah\u00f3n on the island of Menorca.\",\"breadcrumb\":{\"@id\":\"https:\/\/3villas.online\/en\/zones-menorca-information-mao-mahon\/#breadcrumb\"},\"inLanguage\":\"en-US\",\"potentialAction\":[{\"@type\":\"ReadAction\",\"target\":[\"https:\/\/3villas.online\/en\/zones-menorca-information-mao-mahon\/\"]}]},{\"@type\":\"BreadcrumbList\",\"@id\":\"https:\/\/3villas.online\/en\/zones-menorca-information-mao-mahon\/#breadcrumb\",\"itemListElement\":[{\"@type\":\"ListItem\",\"position\":1,\"name\":\"Portada\",\"item\":\"https:\/\/3villas.online\/en\/\"},{\"@type\":\"ListItem\",\"position\":2,\"name\":\"Zones Menorca Information Ma\u00f3 (Mah\u00f3n)\"}]},{\"@type\":\"WebSite\",\"@id\":\"https:\/\/3villas.online\/en\/#website\",\"url\":\"https:\/\/3villas.online\/en\/\",\"name\":\"3 Villas Online\",\"description\":\"Experiencias \u00fanicas y memorables en Menorca\",\"publisher\":{\"@id\":\"https:\/\/3villas.online\/en\/#organization\"},\"potentialAction\":[{\"@type\":\"SearchAction\",\"target\":{\"@type\":\"EntryPoint\",\"urlTemplate\":\"https:\/\/3villas.online\/en\/?s={search_term_string}\"},\"query-input\":{\"@type\":\"PropertyValueSpecification\",\"valueRequired\":true,\"valueName\":\"search_term_string\"}}],\"inLanguage\":\"en-US\"},{\"@type\":\"Organization\",\"@id\":\"https:\/\/3villas.online\/en\/#organization\",\"name\":\"3 Villas Alquiler Vacacional Inmobiliaria\",\"url\":\"https:\/\/3villas.online\/en\/\",\"logo\":{\"@type\":\"ImageObject\",\"inLanguage\":\"en-US\",\"@id\":\"https:\/\/3villas.online\/en\/#\/schema\/logo\/image\/\",\"url\":\"https:\/\/3villas.online\/wp-content\/uploads\/2025\/01\/cropped-3villas-simbolo-rojo-sin-fondo.png\",\"contentUrl\":\"https:\/\/3villas.online\/wp-content\/uploads\/2025\/01\/cropped-3villas-simbolo-rojo-sin-fondo.png\",\"width\":512,\"height\":512,\"caption\":\"3 Villas Alquiler Vacacional Inmobiliaria\"},\"image\":{\"@id\":\"https:\/\/3villas.online\/en\/#\/schema\/logo\/image\/\"},\"sameAs\":[\"https:\/\/www.facebook.com\/3villasmenorca\/?locale=es_ES\",\"https:\/\/www.instagram.com\/3villasmenorca\/\",\"https:\/\/www.youtube.com\/@3villas\"]}]}<\/script>\n<!-- \/ Yoast SEO plugin. -->","yoast_head_json":{"title":"Zones Menorca Information Ma\u00f3 (Mah\u00f3n) - 3 Villas Online","description":"Information about the area of Ma\u00f3-Mah\u00f3n on the island of Menorca.","robots":{"index":"index","follow":"follow","max-snippet":"max-snippet:-1","max-image-preview":"max-image-preview:large","max-video-preview":"max-video-preview:-1"},"canonical":"https:\/\/3villas.online\/en\/zones-menorca-information-mao-mahon\/","og_locale":"en_US","og_type":"article","og_title":"Zones Menorca Information Ma\u00f3 (Mah\u00f3n) - 3 Villas Online","og_description":"Information about the area of Ma\u00f3-Mah\u00f3n on the island of Menorca.","og_url":"https:\/\/3villas.online\/en\/zones-menorca-information-mao-mahon\/","og_site_name":"3 Villas Online","article_publisher":"https:\/\/www.facebook.com\/3villasmenorca\/?locale=es_ES","article_modified_time":"2025-07-17T09:15:59+00:00","og_image":[{"width":2000,"height":675,"url":"https:\/\/3villas.online\/wp-content\/uploads\/2025\/02\/Fondo-generico-entrada.jpg","type":"image\/jpeg"}],"twitter_card":"summary_large_image","twitter_misc":{"Est. reading time":"8 minutes"},"schema":{"@context":"https:\/\/schema.org","@graph":[{"@type":"WebPage","@id":"https:\/\/3villas.online\/en\/zones-menorca-information-mao-mahon\/","url":"https:\/\/3villas.online\/en\/zones-menorca-information-mao-mahon\/","name":"Zones Menorca Information Ma\u00f3 (Mah\u00f3n) - 3 Villas Online","isPartOf":{"@id":"https:\/\/3villas.online\/en\/#website"},"datePublished":"2025-01-20T09:14:04+00:00","dateModified":"2025-07-17T09:15:59+00:00","description":"Information about the area of Ma\u00f3-Mah\u00f3n on the island of Menorca.","breadcrumb":{"@id":"https:\/\/3villas.online\/en\/zones-menorca-information-mao-mahon\/#breadcrumb"},"inLanguage":"en-US","potentialAction":[{"@type":"ReadAction","target":["https:\/\/3villas.online\/en\/zones-menorca-information-mao-mahon\/"]}]},{"@type":"BreadcrumbList","@id":"https:\/\/3villas.online\/en\/zones-menorca-information-mao-mahon\/#breadcrumb","itemListElement":[{"@type":"ListItem","position":1,"name":"Portada","item":"https:\/\/3villas.online\/en\/"},{"@type":"ListItem","position":2,"name":"Zones Menorca Information Ma\u00f3 (Mah\u00f3n)"}]},{"@type":"WebSite","@id":"https:\/\/3villas.online\/en\/#website","url":"https:\/\/3villas.online\/en\/","name":"3 Villas Online","description":"Experiencias \u00fanicas y memorables en Menorca","publisher":{"@id":"https:\/\/3villas.online\/en\/#organization"},"potentialAction":[{"@type":"SearchAction","target":{"@type":"EntryPoint","urlTemplate":"https:\/\/3villas.online\/en\/?s={search_term_string}"},"query-input":{"@type":"PropertyValueSpecification","valueRequired":true,"valueName":"search_term_string"}}],"inLanguage":"en-US"},{"@type":"Organization","@id":"https:\/\/3villas.online\/en\/#organization","name":"3 Villas Alquiler Vacacional Inmobiliaria","url":"https:\/\/3villas.online\/en\/","logo":{"@type":"ImageObject","inLanguage":"en-US","@id":"https:\/\/3villas.online\/en\/#\/schema\/logo\/image\/","url":"https:\/\/3villas.online\/wp-content\/uploads\/2025\/01\/cropped-3villas-simbolo-rojo-sin-fondo.png","contentUrl":"https:\/\/3villas.online\/wp-content\/uploads\/2025\/01\/cropped-3villas-simbolo-rojo-sin-fondo.png","width":512,"height":512,"caption":"3 Villas Alquiler Vacacional Inmobiliaria"},"image":{"@id":"https:\/\/3villas.online\/en\/#\/schema\/logo\/image\/"},"sameAs":["https:\/\/www.facebook.com\/3villasmenorca\/?locale=es_ES","https:\/\/www.instagram.com\/3villasmenorca\/","https:\/\/www.youtube.com\/@3villas"]}]}},"_links":{"self":[{"href":"https:\/\/3villas.online\/en\/wp-json\/wp\/v2\/pages\/981","targetHints":{"allow":["GET"]}}],"collection":[{"href":"https:\/\/3villas.online\/en\/wp-json\/wp\/v2\/pages"}],"about":[{"href":"https:\/\/3villas.online\/en\/wp-json\/wp\/v2\/types\/page"}],"author":[{"embeddable":true,"href":"https:\/\/3villas.online\/en\/wp-json\/wp\/v2\/users\/2"}],"replies":[{"embeddable":true,"href":"https:\/\/3villas.online\/en\/wp-json\/wp\/v2\/comments?post=981"}],"version-history":[{"count":7,"href":"https:\/\/3villas.online\/en\/wp-json\/wp\/v2\/pages\/981\/revisions"}],"predecessor-version":[{"id":319214,"href":"https:\/\/3villas.online\/en\/wp-json\/wp\/v2\/pages\/981\/revisions\/319214"}],"wp:attachment":[{"href":"https:\/\/3villas.online\/en\/wp-json\/wp\/v2\/media?parent=981"}],"curies":[{"name":"wp","href":"https:\/\/api.w.org\/{rel}","templated":true}]}}